{"id":19445,"date":"2022-03-14T13:11:35","date_gmt":"2022-03-14T13:11:35","guid":{"rendered":"https:\/\/portansereserve.com\/sustainable-development-policy\/"},"modified":"2022-06-20T16:11:03","modified_gmt":"2022-06-20T16:11:03","slug":"our-charter","status":"publish","type":"page","link":"https:\/\/portansereserve.com\/en\/our-charter\/","title":{"rendered":"Our charter"},"content":{"rendered":"\t\t<div data-elementor-type=\"wp-page\" data-elementor-id=\"19445\" class=\"elementor elementor-19445\" data-elementor-post-type=\"page\">\n\t\t\t\t\t\t<section class=\"elementor-section elementor-top-section elementor-element elementor-element-26dc149 elementor-section-boxed elementor-section-height-default elementor-section-height-default sc_fly_static\" data-id=\"26dc149\" data-element_type=\"section\" data-e-type=\"section\">\n\t\t\t\t\t\t<div class=\"elementor-container elementor-column-gap-extended\">\n\t\t\t\t\t<div class=\"elementor-column elementor-col-100 elementor-top-column elementor-element elementor-element-b8e8b93 sc_inner_width_none sc_content_align_inherit sc_layouts_column_icons_position_left sc_fly_static\" data-id=\"b8e8b93\" data-element_type=\"column\" data-e-type=\"column\">\n\t\t\t<div class=\"elementor-widget-wrap elementor-element-populated\">\n\t\t\t\t\t\t<div class=\"elementor-element elementor-element-c9c5c0d sc_fly_static elementor-widget elementor-widget-trx_sc_title\" data-id=\"c9c5c0d\" data-element_type=\"widget\" data-e-type=\"widget\" data-widget_type=\"trx_sc_title.default\">\n\t\t\t\t<div class=\"elementor-widget-container\">\n\t\t\t\t\t<div\t\tclass=\"sc_title sc_title_default\" ><h1 class=\"sc_item_title sc_title_title sc_item_title_style_default sc_item_title_tag\"\n\t\t\t><span class=\"sc_item_title_text\">Our charter<\/span><\/h1><\/div>\t\t\t\t<\/div>\n\t\t\t\t<\/div>\n\t\t\t\t<div class=\"elementor-element elementor-element-d5ca560 sc_height_small sc_fly_static elementor-widget elementor-widget-spacer\" data-id=\"d5ca560\" data-element_type=\"widget\" data-e-type=\"widget\" data-widget_type=\"spacer.default\">\n\t\t\t\t<div class=\"elementor-widget-container\">\n\t\t\t\t\t\t\t<div class=\"elementor-spacer\">\n\t\t\t<div class=\"elementor-spacer-inner\"><\/div>\n\t\t<\/div>\n\t\t\t\t\t\t<\/div>\n\t\t\t\t<\/div>\n\t\t\t\t<div class=\"elementor-element elementor-element-f1f7939 sc_fly_static elementor-widget elementor-widget-text-editor\" data-id=\"f1f7939\" data-element_type=\"widget\" data-e-type=\"widget\" data-widget_type=\"text-editor.default\">\n\t\t\t\t<div class=\"elementor-widget-container\">\n\t\t\t\t\t\t\t\t\t<p style=\"text-align: justify;\"><strong>Developed in 2014 by the Provence-Alpes-C\u00f4te d&#8217;Azur Regional Council and the Union of Ports de Plaisance de Provence-Alpes-C\u00f4te d&#8217;Azur and Monaco<\/strong>, the Sustainable Development Charter aims to develop marinas and fishing ports. in a sustainable and exemplary way, to enable them to be ready to face future challenges. These places being the main points of contact between Earth and Sea \/ City and Nature, it is essential to make them aware of the impacts of their current activities on the <strong>environment<\/strong>, while making them aware of societal perspectives.<\/p><p>Thus, the port of the future designed by this charter comes in several aspects;<br \/><br \/><br \/><\/p><ul><li><u>An exemplary port in environmental matters:<\/u><\/li><\/ul><p style=\"text-align: justify;\">Through actions related to the <strong>preservation of resources<\/strong>, as well as the <strong>reduction of the carbon footprint<\/strong>, but also to the organization of events related to the environment, or the development of indicators of environmental monitoring.<\/p><ul><li><u>A port at the service of the local economy and businesses:<\/u><\/li><\/ul><p style=\"text-align: justify;\">Since ports are economic spaces essential to <strong>maritime and tourist activities<\/strong>, hosting more than 1,300 companies, it is essential to make them actors in the various sectors that result from them, in particular <strong>fishing<\/strong> and <strong>boating<\/strong>. At its level, the port can thus contribute to the <strong>economic development<\/strong> of these activities by supporting their actors, encouraging the promotion of their activities, or even the provision of specific facilities, but also by carrying out <strong>innovation projects for the economic fabric. local<\/strong>.<\/p><ul><li><u>A port involved in intra- or inter-urban travel:<\/u><\/li><\/ul><p style=\"text-align: justify;\">The affirmation of ports to their local decision-makers as essential <strong>public service facilities<\/strong> for managing the flow of people, while respecting the <strong>ecological and energy transition<\/strong>, is a pillar of future modern transport policies. In addition, the development of initiatives allowing the emergence of <strong>new alternative solutions<\/strong> will support this transition.<\/p><ul><li><u>A port open to all, secure, united and welcoming:<\/u><\/li><\/ul><p style=\"text-align: justify;\">A port being a public place where a varied range of users meet, the need to <strong>promote the establishment of a healthy cohabitation<\/strong> within it is an essential element of their sustainability. In addition, its adequate integration into its environment will allow it to achieve overall consistency, which will improve the general condition of everyone. Finally, ensuring <strong>optimal accessibility<\/strong> for all people is obviously a key element of this approach.<\/p><ul><li><u>A port essential component of the local heritage:<\/u><\/li><\/ul><p style=\"text-align: justify;\">Ports being the historical successors of urban mobility, they are thus witnesses to the richness of the <strong>maritime heritage of the Provence-Alpes-C\u00f4te d&#8217;Azur Region<\/strong> and are therefore the logical leaders of the transmission of this heritage via its enhancement, maintaining it, but also promoting it over time.<\/p><p style=\"text-align: justify;\">In addition, the commitment of the ports in this approach allows the deployment of subsidies promoting actions related to <strong>Sustainable Development<\/strong>, but also to the modernization of port infrastructures.<\/p><p style=\"text-align: justify;\">Finally, this charter is part of a global desire of seaports to improve their environmental performance, so their inclusion in this approach is conditional on the prior implementation of a <strong>Clean Port certification.<\/strong><\/p>\t\t\t\t\t\t\t\t<\/div>\n\t\t\t\t<\/div>\n\t\t\t\t<div class=\"elementor-element elementor-element-a3cc028 sc_height_small sc_fly_static elementor-widget elementor-widget-spacer\" data-id=\"a3cc028\" data-element_type=\"widget\" data-e-type=\"widget\" data-widget_type=\"spacer.default\">\n\t\t\t\t<div class=\"elementor-widget-container\">\n\t\t\t\t\t\t\t<div class=\"elementor-spacer\">\n\t\t\t<div class=\"elementor-spacer-inner\"><\/div>\n\t\t<\/div>\n\t\t\t\t\t\t<\/div>\n\t\t\t\t<\/div>\n\t\t\t\t<div class=\"elementor-element elementor-element-8c191ed sc_fly_static elementor-widget elementor-widget-heading\" data-id=\"8c191ed\" data-element_type=\"widget\" data-e-type=\"widget\" data-widget_type=\"heading.default\">\n\t\t\t\t<div class=\"elementor-widget-container\">\n\t\t\t\t\t<h5 class=\"elementor-heading-title elementor-size-default\">Consult the charter signed by Jean-Luc CHAUVIN<\/h5>\t\t\t\t<\/div>\n\t\t\t\t<\/div>\n\t\t\t\t<div class=\"elementor-element elementor-element-fbd5e04 elementor-button-info elementor-align-center sc_fly_static elementor-widget elementor-widget-button\" data-id=\"fbd5e04\" data-element_type=\"widget\" data-e-type=\"widget\" data-widget_type=\"button.default\">\n\t\t\t\t<div class=\"elementor-widget-container\">\n\t\t\t\t\t\t\t\t\t<div class=\"elementor-button-wrapper\">\n\t\t\t\t\t<a class=\"elementor-button elementor-button-link elementor-size-sm\" href=\"\/wp-content\/uploads\/2022\/03\/Charte-DD-port-ADR-signee.pdf\" target=\"_blank\">\n\t\t\t\t\t\t<span class=\"elementor-button-content-wrapper\">\n\t\t\t\t\t\t\t\t\t<span class=\"elementor-button-text\">Click here<\/span>\n\t\t\t\t\t<\/span>\n\t\t\t\t\t<\/a>\n\t\t\t\t<\/div>\n\t\t\t\t\t\t\t\t<\/div>\n\t\t\t\t<\/div>\n\t\t\t\t\t<\/div>\n\t\t<\/div>\n\t\t\t\t\t<\/div>\n\t\t<\/section>\n\t\t\t\t<section class=\"elementor-section elementor-top-section elementor-element elementor-element-6f2a649 elementor-section-boxed elementor-section-height-default elementor-section-height-default sc_fly_static\" data-id=\"6f2a649\" data-element_type=\"section\" data-e-type=\"section\">\n\t\t\t\t\t\t<div class=\"elementor-container elementor-column-gap-extended\">\n\t\t\t\t\t<div class=\"elementor-column elementor-col-100 elementor-top-column elementor-element elementor-element-acfef75 sc_inner_width_none sc_content_align_inherit sc_layouts_column_icons_position_left sc_fly_static\" data-id=\"acfef75\" data-element_type=\"column\" data-e-type=\"column\">\n\t\t\t<div class=\"elementor-widget-wrap elementor-element-populated\">\n\t\t\t\t\t\t<div class=\"elementor-element elementor-element-63a30ec sc_height_huge sc_fly_static elementor-widget elementor-widget-spacer\" data-id=\"63a30ec\" data-element_type=\"widget\" data-e-type=\"widget\" data-widget_type=\"spacer.default\">\n\t\t\t\t<div class=\"elementor-widget-container\">\n\t\t\t\t\t\t\t<div class=\"elementor-spacer\">\n\t\t\t<div class=\"elementor-spacer-inner\"><\/div>\n\t\t<\/div>\n\t\t\t\t\t\t<\/div>\n\t\t\t\t<\/div>\n\t\t\t\t\t<\/div>\n\t\t<\/div>\n\t\t\t\t\t<\/div>\n\t\t<\/section>\n\t\t\t\t<\/div>\n\t\t","protected":false},"excerpt":{"rendered":"<p>Our charter Developed in 2014 by the Provence-Alpes-C\u00f4te d&#8217;Azur Regional Council and the Union of Ports de Plaisance de Provence-Alpes-C\u00f4te d&#8217;Azur and Monaco, the Sustainable Development Charter aims to develop&hellip;<\/p>\n","protected":false},"author":1,"featured_media":0,"parent":0,"menu_order":0,"comment_status":"closed","ping_status":"closed","template":"","meta":{"inline_featured_image":false,"footnotes":""},"class_list":["post-19445","page","type-page","status-publish","hentry"],"yoast_head":"<!-- This site is optimized with the Yoast SEO plugin v27.4 - https:\/\/yoast.com\/product\/yoast-seo-wordpress\/ -->\n<title>Our charter - Port Anse de la R\u00e9serve<\/title>\n<meta name=\"robots\" content=\"index, follow, max-snippet:-1, max-image-preview:large, max-video-preview:-1\" \/>\n<link rel=\"canonical\" href=\"https:\/\/portansereserve.com\/en\/our-charter\/\" \/>\n<meta property=\"og:locale\" content=\"en_US\" \/>\n<meta property=\"og:type\" content=\"article\" \/>\n<meta property=\"og:title\" content=\"Our charter - Port Anse de la R\u00e9serve\" \/>\n<meta property=\"og:description\" content=\"Our charter Developed in 2014 by the Provence-Alpes-C\u00f4te d&#8217;Azur Regional Council and the Union of Ports de Plaisance de Provence-Alpes-C\u00f4te d&#8217;Azur and Monaco, the Sustainable Development Charter aims to develop&hellip;\" \/>\n<meta property=\"og:url\" content=\"https:\/\/portansereserve.com\/en\/our-charter\/\" \/>\n<meta property=\"og:site_name\" content=\"Port Anse de la R\u00e9serve\" \/>\n<meta property=\"article:modified_time\" content=\"2022-06-20T16:11:03+00:00\" \/>\n<meta name=\"twitter:card\" content=\"summary_large_image\" \/>\n<meta name=\"twitter:label1\" content=\"Est. reading time\" \/>\n\t<meta name=\"twitter:data1\" content=\"3 minutes\" \/>\n<script type=\"application\/ld+json\" class=\"yoast-schema-graph\">{\"@context\":\"https:\\\/\\\/schema.org\",\"@graph\":[{\"@type\":\"WebPage\",\"@id\":\"https:\\\/\\\/portansereserve.com\\\/en\\\/our-charter\\\/\",\"url\":\"https:\\\/\\\/portansereserve.com\\\/en\\\/our-charter\\\/\",\"name\":\"Our charter - Port Anse de la R\u00e9serve\",\"isPartOf\":{\"@id\":\"https:\\\/\\\/portansereserve.com\\\/en\\\/#website\"},\"datePublished\":\"2022-03-14T13:11:35+00:00\",\"dateModified\":\"2022-06-20T16:11:03+00:00\",\"breadcrumb\":{\"@id\":\"https:\\\/\\\/portansereserve.com\\\/en\\\/our-charter\\\/#breadcrumb\"},\"inLanguage\":\"en-US\",\"potentialAction\":[{\"@type\":\"ReadAction\",\"target\":[\"https:\\\/\\\/portansereserve.com\\\/en\\\/our-charter\\\/\"]}]},{\"@type\":\"BreadcrumbList\",\"@id\":\"https:\\\/\\\/portansereserve.com\\\/en\\\/our-charter\\\/#breadcrumb\",\"itemListElement\":[{\"@type\":\"ListItem\",\"position\":1,\"name\":\"Accueil\",\"item\":\"https:\\\/\\\/portansereserve.com\\\/en\\\/home\\\/\"},{\"@type\":\"ListItem\",\"position\":2,\"name\":\"Our charter\"}]},{\"@type\":\"WebSite\",\"@id\":\"https:\\\/\\\/portansereserve.com\\\/en\\\/#website\",\"url\":\"https:\\\/\\\/portansereserve.com\\\/en\\\/\",\"name\":\"Port Anse de la R\u00e9serve\",\"description\":\"Un port qui a une histoire !\",\"publisher\":{\"@id\":\"https:\\\/\\\/portansereserve.com\\\/en\\\/#organization\"},\"potentialAction\":[{\"@type\":\"SearchAction\",\"target\":{\"@type\":\"EntryPoint\",\"urlTemplate\":\"https:\\\/\\\/portansereserve.com\\\/en\\\/?s={search_term_string}\"},\"query-input\":{\"@type\":\"PropertyValueSpecification\",\"valueRequired\":true,\"valueName\":\"search_term_string\"}}],\"inLanguage\":\"en-US\"},{\"@type\":\"Organization\",\"@id\":\"https:\\\/\\\/portansereserve.com\\\/en\\\/#organization\",\"name\":\"Port Anse de la R\u00e9serve\",\"url\":\"https:\\\/\\\/portansereserve.com\\\/en\\\/\",\"logo\":{\"@type\":\"ImageObject\",\"inLanguage\":\"en-US\",\"@id\":\"https:\\\/\\\/portansereserve.com\\\/en\\\/#\\\/schema\\\/logo\\\/image\\\/\",\"url\":\"https:\\\/\\\/portansereserve.com\\\/wp-content\\\/uploads\\\/2022\\\/01\\\/Logo-PortAnsedelaReserve2020.png\",\"contentUrl\":\"https:\\\/\\\/portansereserve.com\\\/wp-content\\\/uploads\\\/2022\\\/01\\\/Logo-PortAnsedelaReserve2020.png\",\"width\":658,\"height\":594,\"caption\":\"Port Anse de la R\u00e9serve\"},\"image\":{\"@id\":\"https:\\\/\\\/portansereserve.com\\\/en\\\/#\\\/schema\\\/logo\\\/image\\\/\"}}]}<\/script>\n<!-- \/ Yoast SEO plugin. -->","yoast_head_json":{"title":"Our charter - Port Anse de la R\u00e9serve","robots":{"index":"index","follow":"follow","max-snippet":"max-snippet:-1","max-image-preview":"max-image-preview:large","max-video-preview":"max-video-preview:-1"},"canonical":"https:\/\/portansereserve.com\/en\/our-charter\/","og_locale":"en_US","og_type":"article","og_title":"Our charter - Port Anse de la R\u00e9serve","og_description":"Our charter Developed in 2014 by the Provence-Alpes-C\u00f4te d&#8217;Azur Regional Council and the Union of Ports de Plaisance de Provence-Alpes-C\u00f4te d&#8217;Azur and Monaco, the Sustainable Development Charter aims to develop&hellip;","og_url":"https:\/\/portansereserve.com\/en\/our-charter\/","og_site_name":"Port Anse de la R\u00e9serve","article_modified_time":"2022-06-20T16:11:03+00:00","twitter_card":"summary_large_image","twitter_misc":{"Est. reading time":"3 minutes"},"schema":{"@context":"https:\/\/schema.org","@graph":[{"@type":"WebPage","@id":"https:\/\/portansereserve.com\/en\/our-charter\/","url":"https:\/\/portansereserve.com\/en\/our-charter\/","name":"Our charter - Port Anse de la R\u00e9serve","isPartOf":{"@id":"https:\/\/portansereserve.com\/en\/#website"},"datePublished":"2022-03-14T13:11:35+00:00","dateModified":"2022-06-20T16:11:03+00:00","breadcrumb":{"@id":"https:\/\/portansereserve.com\/en\/our-charter\/#breadcrumb"},"inLanguage":"en-US","potentialAction":[{"@type":"ReadAction","target":["https:\/\/portansereserve.com\/en\/our-charter\/"]}]},{"@type":"BreadcrumbList","@id":"https:\/\/portansereserve.com\/en\/our-charter\/#breadcrumb","itemListElement":[{"@type":"ListItem","position":1,"name":"Accueil","item":"https:\/\/portansereserve.com\/en\/home\/"},{"@type":"ListItem","position":2,"name":"Our charter"}]},{"@type":"WebSite","@id":"https:\/\/portansereserve.com\/en\/#website","url":"https:\/\/portansereserve.com\/en\/","name":"Port Anse de la R\u00e9serve","description":"Un port qui a une histoire !","publisher":{"@id":"https:\/\/portansereserve.com\/en\/#organization"},"potentialAction":[{"@type":"SearchAction","target":{"@type":"EntryPoint","urlTemplate":"https:\/\/portansereserve.com\/en\/?s={search_term_string}"},"query-input":{"@type":"PropertyValueSpecification","valueRequired":true,"valueName":"search_term_string"}}],"inLanguage":"en-US"},{"@type":"Organization","@id":"https:\/\/portansereserve.com\/en\/#organization","name":"Port Anse de la R\u00e9serve","url":"https:\/\/portansereserve.com\/en\/","logo":{"@type":"ImageObject","inLanguage":"en-US","@id":"https:\/\/portansereserve.com\/en\/#\/schema\/logo\/image\/","url":"https:\/\/portansereserve.com\/wp-content\/uploads\/2022\/01\/Logo-PortAnsedelaReserve2020.png","contentUrl":"https:\/\/portansereserve.com\/wp-content\/uploads\/2022\/01\/Logo-PortAnsedelaReserve2020.png","width":658,"height":594,"caption":"Port Anse de la R\u00e9serve"},"image":{"@id":"https:\/\/portansereserve.com\/en\/#\/schema\/logo\/image\/"}}]}},"_links":{"self":[{"href":"https:\/\/portansereserve.com\/en\/wp-json\/wp\/v2\/pages\/19445","targetHints":{"allow":["GET"]}}],"collection":[{"href":"https:\/\/portansereserve.com\/en\/wp-json\/wp\/v2\/pages"}],"about":[{"href":"https:\/\/portansereserve.com\/en\/wp-json\/wp\/v2\/types\/page"}],"author":[{"embeddable":true,"href":"https:\/\/portansereserve.com\/en\/wp-json\/wp\/v2\/users\/1"}],"replies":[{"embeddable":true,"href":"https:\/\/portansereserve.com\/en\/wp-json\/wp\/v2\/comments?post=19445"}],"version-history":[{"count":6,"href":"https:\/\/portansereserve.com\/en\/wp-json\/wp\/v2\/pages\/19445\/revisions"}],"predecessor-version":[{"id":20225,"href":"https:\/\/portansereserve.com\/en\/wp-json\/wp\/v2\/pages\/19445\/revisions\/20225"}],"wp:attachment":[{"href":"https:\/\/portansereserve.com\/en\/wp-json\/wp\/v2\/media?parent=19445"}],"curies":[{"name":"wp","href":"https:\/\/api.w.org\/{rel}","templated":true}]}}