{"id":19538,"date":"2022-03-02T11:25:33","date_gmt":"2022-03-02T11:25:33","guid":{"rendered":"https:\/\/portansereserve.com\/jo-2024\/contact-form\/"},"modified":"2022-10-31T15:33:29","modified_gmt":"2022-10-31T15:33:29","slug":"contact-form","status":"publish","type":"page","link":"https:\/\/portansereserve.com\/en\/og-2024\/contact-form\/","title":{"rendered":"contact and bookings"},"content":{"rendered":"\t\t<div data-elementor-type=\"wp-page\" data-elementor-id=\"19538\" class=\"elementor elementor-19538\" data-elementor-post-type=\"page\">\n\t\t\t\t\t\t<section class=\"elementor-section elementor-top-section elementor-element elementor-element-00a2060 elementor-section-boxed elementor-section-height-default elementor-section-height-default sc_fly_static\" data-id=\"00a2060\" data-element_type=\"section\" data-e-type=\"section\">\n\t\t\t\t\t\t<div class=\"elementor-container elementor-column-gap-extended\">\n\t\t\t\t\t<div class=\"elementor-column elementor-col-100 elementor-top-column elementor-element elementor-element-5eb5aa5 sc_inner_width_none sc_content_align_inherit sc_layouts_column_icons_position_left sc_fly_static\" data-id=\"5eb5aa5\" data-element_type=\"column\" data-e-type=\"column\">\n\t\t\t<div class=\"elementor-widget-wrap elementor-element-populated\">\n\t\t\t\t\t\t<div class=\"elementor-element elementor-element-62b388c sc_height_medium sc_fly_static elementor-widget elementor-widget-spacer\" data-id=\"62b388c\" data-element_type=\"widget\" data-e-type=\"widget\" data-widget_type=\"spacer.default\">\n\t\t\t\t<div class=\"elementor-widget-container\">\n\t\t\t\t\t\t\t<div class=\"elementor-spacer\">\n\t\t\t<div class=\"elementor-spacer-inner\"><\/div>\n\t\t<\/div>\n\t\t\t\t\t\t<\/div>\n\t\t\t\t<\/div>\n\t\t\t\t\t<\/div>\n\t\t<\/div>\n\t\t\t\t\t<\/div>\n\t\t<\/section>\n\t\t\t\t<section class=\"elementor-section elementor-top-section elementor-element elementor-element-26dc149 elementor-section-boxed elementor-section-height-default elementor-section-height-default sc_fly_static\" data-id=\"26dc149\" data-element_type=\"section\" data-e-type=\"section\">\n\t\t\t\t\t\t<div class=\"elementor-container elementor-column-gap-extended\">\n\t\t\t\t\t<div class=\"elementor-column elementor-col-100 elementor-top-column elementor-element elementor-element-b8e8b93 sc_inner_width_none sc_content_align_inherit sc_layouts_column_icons_position_left sc_fly_static\" data-id=\"b8e8b93\" data-element_type=\"column\" data-e-type=\"column\">\n\t\t\t<div class=\"elementor-widget-wrap elementor-element-populated\">\n\t\t\t\t\t\t<div class=\"elementor-element elementor-element-c9c5c0d sc_fly_static elementor-widget elementor-widget-trx_sc_title\" data-id=\"c9c5c0d\" data-element_type=\"widget\" data-e-type=\"widget\" data-widget_type=\"trx_sc_title.default\">\n\t\t\t\t<div class=\"elementor-widget-container\">\n\t\t\t\t\t<div\t\tclass=\"sc_title sc_title_default\" ><h1 class=\"sc_item_title sc_title_title sc_item_title_style_default sc_item_title_tag\"\n\t\t\t><span class=\"sc_item_title_text\">Contact form<\/span><\/h1><\/div>\t\t\t\t<\/div>\n\t\t\t\t<\/div>\n\t\t\t\t<div class=\"elementor-element elementor-element-d5ca560 sc_height_small sc_fly_static elementor-widget elementor-widget-spacer\" data-id=\"d5ca560\" data-element_type=\"widget\" data-e-type=\"widget\" data-widget_type=\"spacer.default\">\n\t\t\t\t<div class=\"elementor-widget-container\">\n\t\t\t\t\t\t\t<div class=\"elementor-spacer\">\n\t\t\t<div class=\"elementor-spacer-inner\"><\/div>\n\t\t<\/div>\n\t\t\t\t\t\t<\/div>\n\t\t\t\t<\/div>\n\t\t\t\t\t<\/div>\n\t\t<\/div>\n\t\t\t\t\t<\/div>\n\t\t<\/section>\n\t\t\t\t<section class=\"elementor-section elementor-top-section elementor-element elementor-element-0deac78 elementor-section-boxed elementor-section-height-default elementor-section-height-default sc_fly_static\" data-id=\"0deac78\" data-element_type=\"section\" data-e-type=\"section\">\n\t\t\t\t\t\t<div class=\"elementor-container elementor-column-gap-extended\">\n\t\t\t\t\t<div class=\"elementor-column elementor-col-100 elementor-top-column elementor-element elementor-element-2b7e050 sc_inner_width_none sc_content_align_inherit sc_layouts_column_icons_position_left sc_fly_static\" data-id=\"2b7e050\" data-element_type=\"column\" data-e-type=\"column\">\n\t\t\t<div class=\"elementor-widget-wrap elementor-element-populated\">\n\t\t\t\t\t\t<div class=\"elementor-element elementor-element-6c68765 sc_fly_static elementor-widget elementor-widget-trx_sc_contact_form_7\" data-id=\"6c68765\" data-element_type=\"widget\" data-e-type=\"widget\" data-widget_type=\"trx_sc_contact_form_7.default\">\n\t\t\t\t<div class=\"elementor-widget-container\">\n\t\t\t\t\t\n<div class=\"wpcf7 no-js\" id=\"wpcf7-f19189-o1\" lang=\"en-US\" dir=\"ltr\" data-wpcf7-id=\"19189\">\n<div class=\"screen-reader-response\"><p role=\"status\" aria-live=\"polite\" aria-atomic=\"true\"><\/p> <ul><\/ul><\/div>\n<form action=\"\/en\/wp-json\/wp\/v2\/pages\/19538#wpcf7-f19189-o1\" method=\"post\" class=\"wpcf7-form init\" aria-label=\"Contact form\" novalidate=\"novalidate\" data-status=\"init\">\n<fieldset class=\"hidden-fields-container\"><input type=\"hidden\" name=\"_wpcf7\" value=\"19189\" \/><input type=\"hidden\" name=\"_wpcf7_version\" value=\"6.1.5\" \/><input type=\"hidden\" name=\"_wpcf7_locale\" value=\"en_US\" \/><input type=\"hidden\" name=\"_wpcf7_unit_tag\" value=\"wpcf7-f19189-o1\" \/><input type=\"hidden\" name=\"_wpcf7_container_post\" value=\"0\" \/><input type=\"hidden\" name=\"_wpcf7_posted_data_hash\" value=\"\" \/>\n<\/fieldset>\n<div class=\"form-style-3\">\n\t<div class=\"columns_wrap\">\n\t\t<div class=\"column-1_2\">\n\t\t\t<p><span class=\"style-line icon-name\"><span class=\"wpcf7-form-control-wrap\" data-name=\"your-name\"><input size=\"40\" maxlength=\"400\" class=\"wpcf7-form-control wpcf7-text wpcf7-validates-as-required\" aria-required=\"true\" aria-invalid=\"false\" placeholder=\"Nom \/ Pr\u00e9nom\" value=\"\" type=\"text\" name=\"your-name\" \/><\/span><\/span>\n\t\t\t<\/p>\n\t\t<\/div>\n\t\t<div class=\"column-1_2\">\n\t\t\t<p><span class=\"style-line icon-email\"><span class=\"wpcf7-form-control-wrap\" data-name=\"your-email\"><input size=\"40\" maxlength=\"400\" class=\"wpcf7-form-control wpcf7-email wpcf7-validates-as-required wpcf7-text wpcf7-validates-as-email\" aria-required=\"true\" aria-invalid=\"false\" placeholder=\"Adresse e-mail\" value=\"\" type=\"email\" name=\"your-email\" \/><\/span><\/span>\n\t\t\t<\/p>\n\t\t<\/div>\n\t<\/div>\n\t<div class=\"columns_wrap\">\n\t\t<div class=\"column-1_3\">\n\t\t\t<p><span class=\"style-line icon-phone\"><span class=\"wpcf7-form-control-wrap\" data-name=\"phone\"><input size=\"40\" maxlength=\"400\" class=\"wpcf7-form-control wpcf7-tel wpcf7-validates-as-required wpcf7-text wpcf7-validates-as-tel\" aria-required=\"true\" aria-invalid=\"false\" placeholder=\"T\u00e9l\u00e9phone\" value=\"\" type=\"tel\" name=\"phone\" \/><\/span><\/span>\n\t\t\t<\/p>\n\t\t<\/div>\n\t\t<div class=\"column-1_3\">\n\t\t\t<p><span class=\"style-line icon-subject\"><span class=\"wpcf7-form-control-wrap\" data-name=\"company\"><input size=\"40\" maxlength=\"400\" class=\"wpcf7-form-control wpcf7-text wpcf7-validates-as-required\" aria-required=\"true\" aria-invalid=\"false\" placeholder=\"Entreprise \/ Organisme\" value=\"\" type=\"text\" name=\"company\" \/><\/span><\/span>\n\t\t\t<\/p>\n\t\t<\/div>\n\t\t<div class=\"column-1_3\">\n\t\t\t<p><span class=\"style-line icon-subject\"><span class=\"wpcf7-form-control-wrap\" data-name=\"subject\"><input size=\"40\" maxlength=\"400\" class=\"wpcf7-form-control wpcf7-text wpcf7-validates-as-required\" aria-required=\"true\" aria-invalid=\"false\" placeholder=\"Sujet\" value=\"\" type=\"text\" name=\"subject\" \/><\/span><\/span>\n\t\t\t<\/p>\n\t\t<\/div>\n\t<\/div>\n\t<div class=\"columns_wrap margin-bottom\">\n\t\t<div class=\"column-1_1\">\n\t\t\t<p><span class=\"style-line icon-textarea\"><span class=\"wpcf7-form-control-wrap\" data-name=\"your-message\"><textarea cols=\"40\" rows=\"10\" maxlength=\"2000\" class=\"wpcf7-form-control wpcf7-textarea wpcf7-validates-as-required\" aria-required=\"true\" aria-invalid=\"false\" placeholder=\"Comment pouvons-nous vous aider ? N&#039;h\u00e9sitez pas \u00e0 nous contacter !\" name=\"your-message\"><\/textarea><\/span><\/span>\n\t\t\t<\/p>\n\t\t<\/div>\n\t<\/div>\n\t<p>[recaptcha]<br \/>\n<span class=\"wpcf7-form-control-wrap\" data-name=\"hcap-cf7\">\t\t<input\n\t\t\t\ttype=\"hidden\"\n\t\t\t\tclass=\"hcaptcha-widget-id\"\n\t\t\t\tname=\"hcaptcha-widget-id\"\n\t\t\t\tvalue=\"eyJzb3VyY2UiOlsiY29udGFjdC1mb3JtLTdcL3dwLWNvbnRhY3QtZm9ybS03LnBocCJdLCJmb3JtX2lkIjoxOTE4OX0=-6a22b0779e76e10c0173e32e09fdbded\">\n\t\t\t\t<span id=\"hcap_cf7-69f0e380bbc042.44125947\" class=\"wpcf7-form-control h-captcha \"\n\t\t\tdata-sitekey=\"55b6f4f8-d332-4320-b06e-970c45d21442\"\n\t\t\tdata-theme=\"light\"\n\t\t\tdata-size=\"normal\"\n\t\t\tdata-auto=\"false\"\n\t\t\tdata-ajax=\"false\"\n\t\t\tdata-force=\"false\">\n\t\t<\/span>\n\t\t<input type=\"hidden\" id=\"_wpnonce\" name=\"_wpnonce\" value=\"e1af91649e\" \/><input type=\"hidden\" name=\"_wp_http_referer\" value=\"\/en\/wp-json\/wp\/v2\/pages\/19538\" \/><\/span><input class=\"wpcf7-form-control wpcf7-submit has-spinner\" type=\"submit\" value=\"Envoyer\" \/>\n\t<\/p>\n\t<p><span class=\"wpcf7-form-control-wrap\" data-name=\"acceptance\"><span class=\"wpcf7-form-control wpcf7-acceptance\"><span class=\"wpcf7-list-item\"><label><input type=\"checkbox\" name=\"acceptance\" value=\"1\" aria-invalid=\"false\" \/><span class=\"wpcf7-list-item-label\">J'affirme avoir pris connaissance de la <a href=\"https:\/\/www.cciamp.com\/politique-de-protection-des-donnees-personnelles\" target=\"_blank\"> politique de confidentialit\u00e9<\/a> de la CCIAMP concernant mes donn\u00e9es personnelles recueillies, et je consens \u00e0 l'utilisation de celles-ci afin de que la CCIAMP puisse traiter ma demande. Pour en savoir plus sur la gestion de vos donn\u00e9es personnelles et pour exercer vos droits, reportez-vous \u00e0 notre politique de confidentialit\u00e9.<\/span><\/label><\/span><\/span><\/span>\n\t<\/p>\n<\/div><div class=\"wpcf7-response-output\" aria-hidden=\"true\"><\/div>\n<\/form>\n<\/div>\n\t\t\t\t<\/div>\n\t\t\t\t<\/div>\n\t\t\t\t<div class=\"elementor-element elementor-element-3795077 sc_fly_static elementor-widget elementor-widget-spacer\" data-id=\"3795077\" data-element_type=\"widget\" data-e-type=\"widget\" data-widget_type=\"spacer.default\">\n\t\t\t\t<div class=\"elementor-widget-container\">\n\t\t\t\t\t\t\t<div class=\"elementor-spacer\">\n\t\t\t<div class=\"elementor-spacer-inner\"><\/div>\n\t\t<\/div>\n\t\t\t\t\t\t<\/div>\n\t\t\t\t<\/div>\n\t\t\t\t\t<\/div>\n\t\t<\/div>\n\t\t\t\t\t<\/div>\n\t\t<\/section>\n\t\t\t\t<section class=\"elementor-section elementor-top-section elementor-element elementor-element-6f2a649 elementor-section-boxed elementor-section-height-default elementor-section-height-default sc_fly_static\" data-id=\"6f2a649\" data-element_type=\"section\" data-e-type=\"section\">\n\t\t\t\t\t\t<div class=\"elementor-container elementor-column-gap-extended\">\n\t\t\t\t\t<div class=\"elementor-column elementor-col-100 elementor-top-column elementor-element elementor-element-acfef75 sc_inner_width_none sc_content_align_inherit sc_layouts_column_icons_position_left sc_fly_static\" data-id=\"acfef75\" data-element_type=\"column\" data-e-type=\"column\">\n\t\t\t<div class=\"elementor-widget-wrap elementor-element-populated\">\n\t\t\t\t\t\t<div class=\"elementor-element elementor-element-6434676 sc_fly_static elementor-widget elementor-widget-heading\" data-id=\"6434676\" data-element_type=\"widget\" data-e-type=\"widget\" data-widget_type=\"heading.default\">\n\t\t\t\t<div class=\"elementor-widget-container\">\n\t\t\t\t\t<h1 class=\"elementor-heading-title elementor-size-default\">Booking request<\/h1>\t\t\t\t<\/div>\n\t\t\t\t<\/div>\n\t\t\t\t<div class=\"elementor-element elementor-element-b39b0eb sc_height_small sc_fly_static elementor-widget elementor-widget-spacer\" data-id=\"b39b0eb\" data-element_type=\"widget\" data-e-type=\"widget\" data-widget_type=\"spacer.default\">\n\t\t\t\t<div class=\"elementor-widget-container\">\n\t\t\t\t\t\t\t<div class=\"elementor-spacer\">\n\t\t\t<div class=\"elementor-spacer-inner\"><\/div>\n\t\t<\/div>\n\t\t\t\t\t\t<\/div>\n\t\t\t\t<\/div>\n\t\t\t\t<div class=\"elementor-element elementor-element-202168d sc_fly_static elementor-widget elementor-widget-text-editor\" data-id=\"202168d\" data-element_type=\"widget\" data-e-type=\"widget\" data-widget_type=\"text-editor.default\">\n\t\t\t\t<div class=\"elementor-widget-container\">\n\t\t\t\t\t\t\t\t\t<p>Olympic teams wishing to pitch at the Anse de la R\u00e9serve marina are invited to send the downloadable document below, together with the requested supporting documents, to the address; &#99;&#x6f;n&#x74;&#x61;&#99;&#x74;&#64;&#112;&#x6f;&#114;&#x74;a&#110;&#x73;e&#x72;e&#115;&#x65;r&#x76;&#x65;&#46;&#x63;o&#109;<\/p>\t\t\t\t\t\t\t\t<\/div>\n\t\t\t\t<\/div>\n\t\t\t\t<div class=\"elementor-element elementor-element-de87d3a sc_height_small sc_fly_static elementor-widget elementor-widget-spacer\" data-id=\"de87d3a\" data-element_type=\"widget\" data-e-type=\"widget\" data-widget_type=\"spacer.default\">\n\t\t\t\t<div class=\"elementor-widget-container\">\n\t\t\t\t\t\t\t<div class=\"elementor-spacer\">\n\t\t\t<div class=\"elementor-spacer-inner\"><\/div>\n\t\t<\/div>\n\t\t\t\t\t\t<\/div>\n\t\t\t\t<\/div>\n\t\t\t\t<div class=\"elementor-element elementor-element-2636a6a elementor-align-center sc_fly_static elementor-widget elementor-widget-button\" data-id=\"2636a6a\" data-element_type=\"widget\" data-e-type=\"widget\" data-widget_type=\"button.default\">\n\t\t\t\t<div class=\"elementor-widget-container\">\n\t\t\t\t\t\t\t\t\t<div class=\"elementor-button-wrapper\">\n\t\t\t\t\t<a class=\"elementor-button elementor-button-link elementor-size-md\" href=\"https:\/\/portansereserve.com\/wp-content\/uploads\/2022\/10\/website-Anse-de-la-Reserve-Marina-Booking-request-OG-2024.xlsx\" target=\"_blank\">\n\t\t\t\t\t\t<span class=\"elementor-button-content-wrapper\">\n\t\t\t\t\t\t<span class=\"elementor-button-icon\">\n\t\t\t\t<i aria-hidden=\"true\" class=\"fas fa-file-upload\"><\/i>\t\t\t<\/span>\n\t\t\t\t\t\t\t\t\t<span class=\"elementor-button-text\">Booking request<\/span>\n\t\t\t\t\t<\/span>\n\t\t\t\t\t<\/a>\n\t\t\t\t<\/div>\n\t\t\t\t\t\t\t\t<\/div>\n\t\t\t\t<\/div>\n\t\t\t\t<div class=\"elementor-element elementor-element-63a30ec sc_height_huge sc_fly_static elementor-widget elementor-widget-spacer\" data-id=\"63a30ec\" data-element_type=\"widget\" data-e-type=\"widget\" data-widget_type=\"spacer.default\">\n\t\t\t\t<div class=\"elementor-widget-container\">\n\t\t\t\t\t\t\t<div class=\"elementor-spacer\">\n\t\t\t<div class=\"elementor-spacer-inner\"><\/div>\n\t\t<\/div>\n\t\t\t\t\t\t<\/div>\n\t\t\t\t<\/div>\n\t\t\t\t\t<\/div>\n\t\t<\/div>\n\t\t\t\t\t<\/div>\n\t\t<\/section>\n\t\t\t\t<\/div>\n\t\t","protected":false},"excerpt":{"rendered":"<p>Contact form J&#8217;affirme avoir pris connaissance de la politique de confidentialit\u00e9 de la CCIAMP concernant mes donn\u00e9es personnelles recueillies, et je consens \u00e0 l&#8217;utilisation de celles-ci afin de que la&hellip;<\/p>\n","protected":false},"author":1,"featured_media":0,"parent":19515,"menu_order":0,"comment_status":"closed","ping_status":"closed","template":"","meta":{"inline_featured_image":false,"footnotes":""},"class_list":["post-19538","page","type-page","status-publish","hentry"],"yoast_head":"<!-- This site is optimized with the Yoast SEO plugin v27.4 - https:\/\/yoast.com\/product\/yoast-seo-wordpress\/ -->\n<title>contact and bookings - Port Anse de la R\u00e9serve<\/title>\n<meta name=\"description\" content=\"How can we help you? Do not hesitate to contact us: https:\/\/anse-reserve.cciamp.com\/contact\/\" \/>\n<meta name=\"robots\" content=\"index, follow, max-snippet:-1, max-image-preview:large, max-video-preview:-1\" \/>\n<link rel=\"canonical\" href=\"https:\/\/portansereserve.com\/en\/og-2024\/contact-form\/\" \/>\n<meta property=\"og:locale\" content=\"en_US\" \/>\n<meta property=\"og:type\" content=\"article\" \/>\n<meta property=\"og:title\" content=\"contact and bookings - Port Anse de la R\u00e9serve\" \/>\n<meta property=\"og:description\" content=\"How can we help you? Do not hesitate to contact us: https:\/\/anse-reserve.cciamp.com\/contact\/\" \/>\n<meta property=\"og:url\" content=\"https:\/\/portansereserve.com\/en\/og-2024\/contact-form\/\" \/>\n<meta property=\"og:site_name\" content=\"Port Anse de la R\u00e9serve\" \/>\n<meta property=\"article:modified_time\" content=\"2022-10-31T15:33:29+00:00\" \/>\n<meta name=\"twitter:card\" content=\"summary_large_image\" \/>\n<meta name=\"twitter:label1\" content=\"Est. reading time\" \/>\n\t<meta name=\"twitter:data1\" content=\"1 minute\" \/>\n<script type=\"application\/ld+json\" class=\"yoast-schema-graph\">{\"@context\":\"https:\\\/\\\/schema.org\",\"@graph\":[{\"@type\":\"WebPage\",\"@id\":\"https:\\\/\\\/portansereserve.com\\\/en\\\/og-2024\\\/contact-form\\\/\",\"url\":\"https:\\\/\\\/portansereserve.com\\\/en\\\/og-2024\\\/contact-form\\\/\",\"name\":\"contact and bookings - Port Anse de la R\u00e9serve\",\"isPartOf\":{\"@id\":\"https:\\\/\\\/portansereserve.com\\\/en\\\/#website\"},\"datePublished\":\"2022-03-02T11:25:33+00:00\",\"dateModified\":\"2022-10-31T15:33:29+00:00\",\"description\":\"How can we help you? Do not hesitate to contact us: https:\\\/\\\/anse-reserve.cciamp.com\\\/contact\\\/\",\"breadcrumb\":{\"@id\":\"https:\\\/\\\/portansereserve.com\\\/en\\\/og-2024\\\/contact-form\\\/#breadcrumb\"},\"inLanguage\":\"en-US\",\"potentialAction\":[{\"@type\":\"ReadAction\",\"target\":[\"https:\\\/\\\/portansereserve.com\\\/en\\\/og-2024\\\/contact-form\\\/\"]}]},{\"@type\":\"BreadcrumbList\",\"@id\":\"https:\\\/\\\/portansereserve.com\\\/en\\\/og-2024\\\/contact-form\\\/#breadcrumb\",\"itemListElement\":[{\"@type\":\"ListItem\",\"position\":1,\"name\":\"Accueil\",\"item\":\"https:\\\/\\\/portansereserve.com\\\/en\\\/home\\\/\"},{\"@type\":\"ListItem\",\"position\":2,\"name\":\"OG 2024\",\"item\":\"https:\\\/\\\/portansereserve.com\\\/en\\\/og-2024\\\/\"},{\"@type\":\"ListItem\",\"position\":3,\"name\":\"contact and bookings\"}]},{\"@type\":\"WebSite\",\"@id\":\"https:\\\/\\\/portansereserve.com\\\/en\\\/#website\",\"url\":\"https:\\\/\\\/portansereserve.com\\\/en\\\/\",\"name\":\"Port Anse de la R\u00e9serve\",\"description\":\"Un port qui a une histoire !\",\"publisher\":{\"@id\":\"https:\\\/\\\/portansereserve.com\\\/en\\\/#organization\"},\"potentialAction\":[{\"@type\":\"SearchAction\",\"target\":{\"@type\":\"EntryPoint\",\"urlTemplate\":\"https:\\\/\\\/portansereserve.com\\\/en\\\/?s={search_term_string}\"},\"query-input\":{\"@type\":\"PropertyValueSpecification\",\"valueRequired\":true,\"valueName\":\"search_term_string\"}}],\"inLanguage\":\"en-US\"},{\"@type\":\"Organization\",\"@id\":\"https:\\\/\\\/portansereserve.com\\\/en\\\/#organization\",\"name\":\"Port Anse de la R\u00e9serve\",\"url\":\"https:\\\/\\\/portansereserve.com\\\/en\\\/\",\"logo\":{\"@type\":\"ImageObject\",\"inLanguage\":\"en-US\",\"@id\":\"https:\\\/\\\/portansereserve.com\\\/en\\\/#\\\/schema\\\/logo\\\/image\\\/\",\"url\":\"https:\\\/\\\/portansereserve.com\\\/wp-content\\\/uploads\\\/2022\\\/01\\\/Logo-PortAnsedelaReserve2020.png\",\"contentUrl\":\"https:\\\/\\\/portansereserve.com\\\/wp-content\\\/uploads\\\/2022\\\/01\\\/Logo-PortAnsedelaReserve2020.png\",\"width\":658,\"height\":594,\"caption\":\"Port Anse de la R\u00e9serve\"},\"image\":{\"@id\":\"https:\\\/\\\/portansereserve.com\\\/en\\\/#\\\/schema\\\/logo\\\/image\\\/\"}}]}<\/script>\n<!-- \/ Yoast SEO plugin. -->","yoast_head_json":{"title":"contact and bookings - Port Anse de la R\u00e9serve","description":"How can we help you? Do not hesitate to contact us: https:\/\/anse-reserve.cciamp.com\/contact\/","robots":{"index":"index","follow":"follow","max-snippet":"max-snippet:-1","max-image-preview":"max-image-preview:large","max-video-preview":"max-video-preview:-1"},"canonical":"https:\/\/portansereserve.com\/en\/og-2024\/contact-form\/","og_locale":"en_US","og_type":"article","og_title":"contact and bookings - Port Anse de la R\u00e9serve","og_description":"How can we help you? Do not hesitate to contact us: https:\/\/anse-reserve.cciamp.com\/contact\/","og_url":"https:\/\/portansereserve.com\/en\/og-2024\/contact-form\/","og_site_name":"Port Anse de la R\u00e9serve","article_modified_time":"2022-10-31T15:33:29+00:00","twitter_card":"summary_large_image","twitter_misc":{"Est. reading time":"1 minute"},"schema":{"@context":"https:\/\/schema.org","@graph":[{"@type":"WebPage","@id":"https:\/\/portansereserve.com\/en\/og-2024\/contact-form\/","url":"https:\/\/portansereserve.com\/en\/og-2024\/contact-form\/","name":"contact and bookings - Port Anse de la R\u00e9serve","isPartOf":{"@id":"https:\/\/portansereserve.com\/en\/#website"},"datePublished":"2022-03-02T11:25:33+00:00","dateModified":"2022-10-31T15:33:29+00:00","description":"How can we help you? Do not hesitate to contact us: https:\/\/anse-reserve.cciamp.com\/contact\/","breadcrumb":{"@id":"https:\/\/portansereserve.com\/en\/og-2024\/contact-form\/#breadcrumb"},"inLanguage":"en-US","potentialAction":[{"@type":"ReadAction","target":["https:\/\/portansereserve.com\/en\/og-2024\/contact-form\/"]}]},{"@type":"BreadcrumbList","@id":"https:\/\/portansereserve.com\/en\/og-2024\/contact-form\/#breadcrumb","itemListElement":[{"@type":"ListItem","position":1,"name":"Accueil","item":"https:\/\/portansereserve.com\/en\/home\/"},{"@type":"ListItem","position":2,"name":"OG 2024","item":"https:\/\/portansereserve.com\/en\/og-2024\/"},{"@type":"ListItem","position":3,"name":"contact and bookings"}]},{"@type":"WebSite","@id":"https:\/\/portansereserve.com\/en\/#website","url":"https:\/\/portansereserve.com\/en\/","name":"Port Anse de la R\u00e9serve","description":"Un port qui a une histoire !","publisher":{"@id":"https:\/\/portansereserve.com\/en\/#organization"},"potentialAction":[{"@type":"SearchAction","target":{"@type":"EntryPoint","urlTemplate":"https:\/\/portansereserve.com\/en\/?s={search_term_string}"},"query-input":{"@type":"PropertyValueSpecification","valueRequired":true,"valueName":"search_term_string"}}],"inLanguage":"en-US"},{"@type":"Organization","@id":"https:\/\/portansereserve.com\/en\/#organization","name":"Port Anse de la R\u00e9serve","url":"https:\/\/portansereserve.com\/en\/","logo":{"@type":"ImageObject","inLanguage":"en-US","@id":"https:\/\/portansereserve.com\/en\/#\/schema\/logo\/image\/","url":"https:\/\/portansereserve.com\/wp-content\/uploads\/2022\/01\/Logo-PortAnsedelaReserve2020.png","contentUrl":"https:\/\/portansereserve.com\/wp-content\/uploads\/2022\/01\/Logo-PortAnsedelaReserve2020.png","width":658,"height":594,"caption":"Port Anse de la R\u00e9serve"},"image":{"@id":"https:\/\/portansereserve.com\/en\/#\/schema\/logo\/image\/"}}]}},"_links":{"self":[{"href":"https:\/\/portansereserve.com\/en\/wp-json\/wp\/v2\/pages\/19538","targetHints":{"allow":["GET"]}}],"collection":[{"href":"https:\/\/portansereserve.com\/en\/wp-json\/wp\/v2\/pages"}],"about":[{"href":"https:\/\/portansereserve.com\/en\/wp-json\/wp\/v2\/types\/page"}],"author":[{"embeddable":true,"href":"https:\/\/portansereserve.com\/en\/wp-json\/wp\/v2\/users\/1"}],"replies":[{"embeddable":true,"href":"https:\/\/portansereserve.com\/en\/wp-json\/wp\/v2\/comments?post=19538"}],"version-history":[{"count":6,"href":"https:\/\/portansereserve.com\/en\/wp-json\/wp\/v2\/pages\/19538\/revisions"}],"predecessor-version":[{"id":20559,"href":"https:\/\/portansereserve.com\/en\/wp-json\/wp\/v2\/pages\/19538\/revisions\/20559"}],"up":[{"embeddable":true,"href":"https:\/\/portansereserve.com\/en\/wp-json\/wp\/v2\/pages\/19515"}],"wp:attachment":[{"href":"https:\/\/portansereserve.com\/en\/wp-json\/wp\/v2\/media?parent=19538"}],"curies":[{"name":"wp","href":"https:\/\/api.w.org\/{rel}","templated":true}]}}