{"id":19565,"date":"2022-03-24T08:55:28","date_gmt":"2022-03-24T08:55:28","guid":{"rendered":"https:\/\/portansereserve.com\/tourism\/"},"modified":"2022-06-20T15:15:59","modified_gmt":"2022-06-20T15:15:59","slug":"tourism","status":"publish","type":"page","link":"https:\/\/portansereserve.com\/en\/tourism\/","title":{"rendered":"Tourism"},"content":{"rendered":"\t\t<div data-elementor-type=\"wp-page\" data-elementor-id=\"19565\" class=\"elementor elementor-19565\" data-elementor-post-type=\"page\">\n\t\t\t\t\t\t<section class=\"elementor-section elementor-top-section elementor-element elementor-element-1299dd1 elementor-section-boxed elementor-section-height-default elementor-section-height-default sc_fly_static\" data-id=\"1299dd1\" data-element_type=\"section\" data-e-type=\"section\">\n\t\t\t\t\t\t<div class=\"elementor-container elementor-column-gap-extended\">\n\t\t\t\t\t<div class=\"elementor-column elementor-col-100 elementor-top-column elementor-element elementor-element-ff3a349 sc_inner_width_none sc_content_align_inherit sc_layouts_column_icons_position_left sc_fly_static\" data-id=\"ff3a349\" data-element_type=\"column\" data-e-type=\"column\">\n\t\t\t<div class=\"elementor-widget-wrap elementor-element-populated\">\n\t\t\t\t\t\t<div class=\"elementor-element elementor-element-d8698e9 sc_fly_static elementor-widget elementor-widget-trx_sc_title\" data-id=\"d8698e9\" data-element_type=\"widget\" data-e-type=\"widget\" data-widget_type=\"trx_sc_title.default\">\n\t\t\t\t<div class=\"elementor-widget-container\">\n\t\t\t\t\t<div\t\tclass=\"sc_title sc_title_default\" ><h1 class=\"sc_item_title sc_title_title sc_item_title_style_default sc_item_title_tag\"\n\t\t\t><span class=\"sc_item_title_text\">Tourism<\/span><\/h1><\/div>\t\t\t\t<\/div>\n\t\t\t\t<\/div>\n\t\t\t\t<div class=\"elementor-element elementor-element-b16e61d sc_height_small sc_fly_static elementor-widget elementor-widget-spacer\" data-id=\"b16e61d\" data-element_type=\"widget\" data-e-type=\"widget\" data-widget_type=\"spacer.default\">\n\t\t\t\t<div class=\"elementor-widget-container\">\n\t\t\t\t\t\t\t<div class=\"elementor-spacer\">\n\t\t\t<div class=\"elementor-spacer-inner\"><\/div>\n\t\t<\/div>\n\t\t\t\t\t\t<\/div>\n\t\t\t\t<\/div>\n\t\t\t\t<div class=\"elementor-element elementor-element-98f8be1 sc_fly_static elementor-widget elementor-widget-text-editor\" data-id=\"98f8be1\" data-element_type=\"widget\" data-e-type=\"widget\" data-widget_type=\"text-editor.default\">\n\t\t\t\t<div class=\"elementor-widget-container\">\n\t\t\t\t\t\t\t\t\t<p>Ideally located in the center of Marseille, the<strong> Anse de la R\u00e9serve marina<\/strong> benefits from this geographical position to <strong>offer its boaters an ideal setting<\/strong> for discovering, or rediscovering, the city of Marseille.<\/p>\t\t\t\t\t\t\t\t<\/div>\n\t\t\t\t<\/div>\n\t\t\t\t<div class=\"elementor-element elementor-element-3d03ec2 sc_fly_static elementor-widget elementor-widget-text-editor\" data-id=\"3d03ec2\" data-element_type=\"widget\" data-e-type=\"widget\" data-widget_type=\"text-editor.default\">\n\t\t\t\t<div class=\"elementor-widget-container\">\n\t\t\t\t\t\t\t\t\t<p>Among the tourist attractions surrounding the port are historical monuments such as the <strong>Palais du Pharo<\/strong>, the <strong>Abbaye Saint-Victor<\/strong>, the <strong>Fort Saint Nicolas<\/strong>, the <strong>Vieux-Port<\/strong> and the <strong>Basilique Notre-Dame de la Garde<\/strong>. Two atypical museums are also close to Anse de la R\u00e9serve; the <strong>Underwater Museum<\/strong> off the Catalan beach, as well as the M<strong>useum of the Soap of Marseille.<\/strong> In addition, on the shore in front of the port is the <strong>Fort Saint Jean<\/strong>, connected directly to the <strong>MUCEM<\/strong> (Museum of European and Mediterranean Civilizations).<\/p>\t\t\t\t\t\t\t\t<\/div>\n\t\t\t\t<\/div>\n\t\t\t\t<div class=\"elementor-element elementor-element-c96a5b8 sc_fly_static elementor-widget elementor-widget-image\" data-id=\"c96a5b8\" data-element_type=\"widget\" data-e-type=\"widget\" data-widget_type=\"image.default\">\n\t\t\t\t<div class=\"elementor-widget-container\">\n\t\t\t\t\t\t\t\t\t\t\t\t\t\t\t<img fetchpriority=\"high\" decoding=\"async\" width=\"1134\" height=\"576\" src=\"https:\/\/portansereserve.com\/wp-content\/uploads\/2022\/03\/tourisme.png\" class=\"attachment-full size-full wp-image-19061\" alt=\"\" srcset=\"https:\/\/portansereserve.com\/wp-content\/uploads\/2022\/03\/tourisme.png 1134w, https:\/\/portansereserve.com\/wp-content\/uploads\/2022\/03\/tourisme-300x152.png 300w, https:\/\/portansereserve.com\/wp-content\/uploads\/2022\/03\/tourisme-1024x520.png 1024w, https:\/\/portansereserve.com\/wp-content\/uploads\/2022\/03\/tourisme-768x390.png 768w, https:\/\/portansereserve.com\/wp-content\/uploads\/2022\/03\/tourisme-370x188.png 370w, https:\/\/portansereserve.com\/wp-content\/uploads\/2022\/03\/tourisme-840x427.png 840w, https:\/\/portansereserve.com\/wp-content\/uploads\/2022\/03\/tourisme-410x208.png 410w\" sizes=\"(max-width: 1134px) 100vw, 1134px\" \/>\t\t\t\t\t\t\t\t\t\t\t\t\t\t\t<\/div>\n\t\t\t\t<\/div>\n\t\t\t\t<div class=\"elementor-element elementor-element-54a2098 sc_fly_static elementor-widget elementor-widget-text-editor\" data-id=\"54a2098\" data-element_type=\"widget\" data-e-type=\"widget\" data-widget_type=\"text-editor.default\">\n\t\t\t\t<div class=\"elementor-widget-container\">\n\t\t\t\t\t\t\t\t\t<p>In terms of natural spaces, the <strong>Parc<\/strong> <strong>Emile Duclaux<\/strong> and the <strong>Jardin de la Colline Puget<\/strong> are places maintained by the community, each with an exceptional view of the City. But it is also possible to access by boat to the <strong>\u00eele du Frioul<\/strong>, and to the <strong>Parc National des Calanques<\/strong>, whose rules should be consulted before any visit, for their conservation (they are accessible on the website of the <a href=\"http:\/\/www.calanques-parcnational.fr\/fr\/reglementations-en-mer-calanques-marseille-cassis-la-ciotat\">Parc National des Calanques<\/a>).<\/p>\t\t\t\t\t\t\t\t<\/div>\n\t\t\t\t<\/div>\n\t\t\t\t<div class=\"elementor-element elementor-element-02290f5 sc_fly_static elementor-widget elementor-widget-text-editor\" data-id=\"02290f5\" data-element_type=\"widget\" data-e-type=\"widget\" data-widget_type=\"text-editor.default\">\n\t\t\t\t<div class=\"elementor-widget-container\">\n\t\t\t\t\t\t\t\t\t<p>Culturally speaking, the boaters of Anse de la R\u00e9serve are just a few steps away from the <strong>Th\u00e9\u00e2tre de la Cri\u00e9e<\/strong>, the <strong>Com\u00e9die de Marseille<\/strong>\u00b8 as well as the <strong>Op\u00e9ra<\/strong>, in addition to the cultural events occasionally organized by the <strong>Caza Delauze<\/strong> during the summer period.<\/p>\t\t\t\t\t\t\t\t<\/div>\n\t\t\t\t<\/div>\n\t\t\t\t<div class=\"elementor-element elementor-element-52dd882 sc_fly_static elementor-widget elementor-widget-text-editor\" data-id=\"52dd882\" data-element_type=\"widget\" data-e-type=\"widget\" data-widget_type=\"text-editor.default\">\n\t\t\t\t<div class=\"elementor-widget-container\">\n\t\t\t\t\t\t\t\t\t<p>Finally, the multitude of hotels surrounding the port are also accessible to boaters. Among these, the closest are; the <a target=\"_blank\" style=\"color:#0971be;\" href=\"https:\/\/www.sofitel-marseille-vieuxport.com\/\">Sofitel<\/a>, the <a target=\"_blank\" style=\"color:#0971be;\" href=\"https:\/\/all.accor.com\/hotel\/0911\/index.fr.shtml\">Novotel<\/a> and the <a target=\"_blank\" style=\"color: #0971be;\" href=\"http:\/\/www.new-hotel.com\/fr\/hotels-marseille\/marseille\">New Hotel Of Marseille<\/a>, located less than 5 minutes walk from the Anse de la R\u00e9serve.<\/p>\t\t\t\t\t\t\t\t<\/div>\n\t\t\t\t<\/div>\n\t\t\t\t<div class=\"elementor-element elementor-element-387b0cd sc_fly_static elementor-widget elementor-widget-text-editor\" data-id=\"387b0cd\" data-element_type=\"widget\" data-e-type=\"widget\" data-widget_type=\"text-editor.default\">\n\t\t\t\t<div class=\"elementor-widget-container\">\n\t\t\t\t\t\t\t\t\tTo learn more about Marseille&#8217;s tourist attractions, or about the CityPass packages offered, visit the <a target=\"_blank\" style=\"color: #0971be;\" href=\"https:\/\/www.marseille-tourisme.com\/\">Marseille-Tourisme<\/a>.\t\t\t\t\t\t\t\t<\/div>\n\t\t\t\t<\/div>\n\t\t\t\t<div class=\"elementor-element elementor-element-8895f01 sc_height_medium sc_fly_static elementor-widget elementor-widget-spacer\" data-id=\"8895f01\" data-element_type=\"widget\" data-e-type=\"widget\" data-widget_type=\"spacer.default\">\n\t\t\t\t<div class=\"elementor-widget-container\">\n\t\t\t\t\t\t\t<div class=\"elementor-spacer\">\n\t\t\t<div class=\"elementor-spacer-inner\"><\/div>\n\t\t<\/div>\n\t\t\t\t\t\t<\/div>\n\t\t\t\t<\/div>\n\t\t\t\t\t<\/div>\n\t\t<\/div>\n\t\t\t\t\t<\/div>\n\t\t<\/section>\n\t\t\t\t<\/div>\n\t\t","protected":false},"excerpt":{"rendered":"<p>Tourism Ideally located in the center of Marseille, the Anse de la R\u00e9serve marina benefits from this geographical position to offer its boaters an ideal setting for discovering, or rediscovering,&hellip;<\/p>\n","protected":false},"author":1,"featured_media":0,"parent":0,"menu_order":0,"comment_status":"closed","ping_status":"closed","template":"","meta":{"inline_featured_image":false,"footnotes":""},"class_list":["post-19565","page","type-page","status-publish","hentry"],"yoast_head":"<!-- This site is optimized with the Yoast SEO plugin v27.4 - https:\/\/yoast.com\/product\/yoast-seo-wordpress\/ -->\n<title>Tourism - Port Anse de la R\u00e9serve<\/title>\n<meta name=\"robots\" content=\"index, follow, max-snippet:-1, max-image-preview:large, max-video-preview:-1\" \/>\n<link rel=\"canonical\" href=\"https:\/\/portansereserve.com\/en\/tourism\/\" \/>\n<meta property=\"og:locale\" content=\"en_US\" \/>\n<meta property=\"og:type\" content=\"article\" \/>\n<meta property=\"og:title\" content=\"Tourism - Port Anse de la R\u00e9serve\" \/>\n<meta property=\"og:description\" content=\"Tourism Ideally located in the center of Marseille, the Anse de la R\u00e9serve marina benefits from this geographical position to offer its boaters an ideal setting for discovering, or rediscovering,&hellip;\" \/>\n<meta property=\"og:url\" content=\"https:\/\/portansereserve.com\/en\/tourism\/\" \/>\n<meta property=\"og:site_name\" content=\"Port Anse de la R\u00e9serve\" \/>\n<meta property=\"article:modified_time\" content=\"2022-06-20T15:15:59+00:00\" \/>\n<meta property=\"og:image\" content=\"https:\/\/portansereserve.com\/wp-content\/uploads\/2022\/03\/tourisme.png\" \/>\n<meta name=\"twitter:card\" content=\"summary_large_image\" \/>\n<meta name=\"twitter:label1\" content=\"Est. reading time\" \/>\n\t<meta name=\"twitter:data1\" content=\"2 minutes\" \/>\n<script type=\"application\/ld+json\" class=\"yoast-schema-graph\">{\"@context\":\"https:\\\/\\\/schema.org\",\"@graph\":[{\"@type\":\"WebPage\",\"@id\":\"https:\\\/\\\/portansereserve.com\\\/en\\\/tourism\\\/\",\"url\":\"https:\\\/\\\/portansereserve.com\\\/en\\\/tourism\\\/\",\"name\":\"Tourism - Port Anse de la R\u00e9serve\",\"isPartOf\":{\"@id\":\"https:\\\/\\\/portansereserve.com\\\/en\\\/#website\"},\"primaryImageOfPage\":{\"@id\":\"https:\\\/\\\/portansereserve.com\\\/en\\\/tourism\\\/#primaryimage\"},\"image\":{\"@id\":\"https:\\\/\\\/portansereserve.com\\\/en\\\/tourism\\\/#primaryimage\"},\"thumbnailUrl\":\"https:\\\/\\\/portansereserve.com\\\/wp-content\\\/uploads\\\/2022\\\/03\\\/tourisme.png\",\"datePublished\":\"2022-03-24T08:55:28+00:00\",\"dateModified\":\"2022-06-20T15:15:59+00:00\",\"breadcrumb\":{\"@id\":\"https:\\\/\\\/portansereserve.com\\\/en\\\/tourism\\\/#breadcrumb\"},\"inLanguage\":\"en-US\",\"potentialAction\":[{\"@type\":\"ReadAction\",\"target\":[\"https:\\\/\\\/portansereserve.com\\\/en\\\/tourism\\\/\"]}]},{\"@type\":\"ImageObject\",\"inLanguage\":\"en-US\",\"@id\":\"https:\\\/\\\/portansereserve.com\\\/en\\\/tourism\\\/#primaryimage\",\"url\":\"https:\\\/\\\/portansereserve.com\\\/wp-content\\\/uploads\\\/2022\\\/03\\\/tourisme.png\",\"contentUrl\":\"https:\\\/\\\/portansereserve.com\\\/wp-content\\\/uploads\\\/2022\\\/03\\\/tourisme.png\"},{\"@type\":\"BreadcrumbList\",\"@id\":\"https:\\\/\\\/portansereserve.com\\\/en\\\/tourism\\\/#breadcrumb\",\"itemListElement\":[{\"@type\":\"ListItem\",\"position\":1,\"name\":\"Accueil\",\"item\":\"https:\\\/\\\/portansereserve.com\\\/en\\\/home\\\/\"},{\"@type\":\"ListItem\",\"position\":2,\"name\":\"Tourism\"}]},{\"@type\":\"WebSite\",\"@id\":\"https:\\\/\\\/portansereserve.com\\\/en\\\/#website\",\"url\":\"https:\\\/\\\/portansereserve.com\\\/en\\\/\",\"name\":\"Port Anse de la R\u00e9serve\",\"description\":\"Un port qui a une histoire !\",\"publisher\":{\"@id\":\"https:\\\/\\\/portansereserve.com\\\/en\\\/#organization\"},\"potentialAction\":[{\"@type\":\"SearchAction\",\"target\":{\"@type\":\"EntryPoint\",\"urlTemplate\":\"https:\\\/\\\/portansereserve.com\\\/en\\\/?s={search_term_string}\"},\"query-input\":{\"@type\":\"PropertyValueSpecification\",\"valueRequired\":true,\"valueName\":\"search_term_string\"}}],\"inLanguage\":\"en-US\"},{\"@type\":\"Organization\",\"@id\":\"https:\\\/\\\/portansereserve.com\\\/en\\\/#organization\",\"name\":\"Port Anse de la R\u00e9serve\",\"url\":\"https:\\\/\\\/portansereserve.com\\\/en\\\/\",\"logo\":{\"@type\":\"ImageObject\",\"inLanguage\":\"en-US\",\"@id\":\"https:\\\/\\\/portansereserve.com\\\/en\\\/#\\\/schema\\\/logo\\\/image\\\/\",\"url\":\"https:\\\/\\\/portansereserve.com\\\/wp-content\\\/uploads\\\/2022\\\/01\\\/Logo-PortAnsedelaReserve2020.png\",\"contentUrl\":\"https:\\\/\\\/portansereserve.com\\\/wp-content\\\/uploads\\\/2022\\\/01\\\/Logo-PortAnsedelaReserve2020.png\",\"width\":658,\"height\":594,\"caption\":\"Port Anse de la R\u00e9serve\"},\"image\":{\"@id\":\"https:\\\/\\\/portansereserve.com\\\/en\\\/#\\\/schema\\\/logo\\\/image\\\/\"}}]}<\/script>\n<!-- \/ Yoast SEO plugin. -->","yoast_head_json":{"title":"Tourism - Port Anse de la R\u00e9serve","robots":{"index":"index","follow":"follow","max-snippet":"max-snippet:-1","max-image-preview":"max-image-preview:large","max-video-preview":"max-video-preview:-1"},"canonical":"https:\/\/portansereserve.com\/en\/tourism\/","og_locale":"en_US","og_type":"article","og_title":"Tourism - Port Anse de la R\u00e9serve","og_description":"Tourism Ideally located in the center of Marseille, the Anse de la R\u00e9serve marina benefits from this geographical position to offer its boaters an ideal setting for discovering, or rediscovering,&hellip;","og_url":"https:\/\/portansereserve.com\/en\/tourism\/","og_site_name":"Port Anse de la R\u00e9serve","article_modified_time":"2022-06-20T15:15:59+00:00","og_image":[{"url":"https:\/\/portansereserve.com\/wp-content\/uploads\/2022\/03\/tourisme.png","type":"","width":"","height":""}],"twitter_card":"summary_large_image","twitter_misc":{"Est. reading time":"2 minutes"},"schema":{"@context":"https:\/\/schema.org","@graph":[{"@type":"WebPage","@id":"https:\/\/portansereserve.com\/en\/tourism\/","url":"https:\/\/portansereserve.com\/en\/tourism\/","name":"Tourism - Port Anse de la R\u00e9serve","isPartOf":{"@id":"https:\/\/portansereserve.com\/en\/#website"},"primaryImageOfPage":{"@id":"https:\/\/portansereserve.com\/en\/tourism\/#primaryimage"},"image":{"@id":"https:\/\/portansereserve.com\/en\/tourism\/#primaryimage"},"thumbnailUrl":"https:\/\/portansereserve.com\/wp-content\/uploads\/2022\/03\/tourisme.png","datePublished":"2022-03-24T08:55:28+00:00","dateModified":"2022-06-20T15:15:59+00:00","breadcrumb":{"@id":"https:\/\/portansereserve.com\/en\/tourism\/#breadcrumb"},"inLanguage":"en-US","potentialAction":[{"@type":"ReadAction","target":["https:\/\/portansereserve.com\/en\/tourism\/"]}]},{"@type":"ImageObject","inLanguage":"en-US","@id":"https:\/\/portansereserve.com\/en\/tourism\/#primaryimage","url":"https:\/\/portansereserve.com\/wp-content\/uploads\/2022\/03\/tourisme.png","contentUrl":"https:\/\/portansereserve.com\/wp-content\/uploads\/2022\/03\/tourisme.png"},{"@type":"BreadcrumbList","@id":"https:\/\/portansereserve.com\/en\/tourism\/#breadcrumb","itemListElement":[{"@type":"ListItem","position":1,"name":"Accueil","item":"https:\/\/portansereserve.com\/en\/home\/"},{"@type":"ListItem","position":2,"name":"Tourism"}]},{"@type":"WebSite","@id":"https:\/\/portansereserve.com\/en\/#website","url":"https:\/\/portansereserve.com\/en\/","name":"Port Anse de la R\u00e9serve","description":"Un port qui a une histoire !","publisher":{"@id":"https:\/\/portansereserve.com\/en\/#organization"},"potentialAction":[{"@type":"SearchAction","target":{"@type":"EntryPoint","urlTemplate":"https:\/\/portansereserve.com\/en\/?s={search_term_string}"},"query-input":{"@type":"PropertyValueSpecification","valueRequired":true,"valueName":"search_term_string"}}],"inLanguage":"en-US"},{"@type":"Organization","@id":"https:\/\/portansereserve.com\/en\/#organization","name":"Port Anse de la R\u00e9serve","url":"https:\/\/portansereserve.com\/en\/","logo":{"@type":"ImageObject","inLanguage":"en-US","@id":"https:\/\/portansereserve.com\/en\/#\/schema\/logo\/image\/","url":"https:\/\/portansereserve.com\/wp-content\/uploads\/2022\/01\/Logo-PortAnsedelaReserve2020.png","contentUrl":"https:\/\/portansereserve.com\/wp-content\/uploads\/2022\/01\/Logo-PortAnsedelaReserve2020.png","width":658,"height":594,"caption":"Port Anse de la R\u00e9serve"},"image":{"@id":"https:\/\/portansereserve.com\/en\/#\/schema\/logo\/image\/"}}]}},"_links":{"self":[{"href":"https:\/\/portansereserve.com\/en\/wp-json\/wp\/v2\/pages\/19565","targetHints":{"allow":["GET"]}}],"collection":[{"href":"https:\/\/portansereserve.com\/en\/wp-json\/wp\/v2\/pages"}],"about":[{"href":"https:\/\/portansereserve.com\/en\/wp-json\/wp\/v2\/types\/page"}],"author":[{"embeddable":true,"href":"https:\/\/portansereserve.com\/en\/wp-json\/wp\/v2\/users\/1"}],"replies":[{"embeddable":true,"href":"https:\/\/portansereserve.com\/en\/wp-json\/wp\/v2\/comments?post=19565"}],"version-history":[{"count":3,"href":"https:\/\/portansereserve.com\/en\/wp-json\/wp\/v2\/pages\/19565\/revisions"}],"predecessor-version":[{"id":20219,"href":"https:\/\/portansereserve.com\/en\/wp-json\/wp\/v2\/pages\/19565\/revisions\/20219"}],"wp:attachment":[{"href":"https:\/\/portansereserve.com\/en\/wp-json\/wp\/v2\/media?parent=19565"}],"curies":[{"name":"wp","href":"https:\/\/api.w.org\/{rel}","templated":true}]}}