{"id":19600,"date":"2022-02-15T10:31:58","date_gmt":"2022-02-15T10:31:58","guid":{"rendered":"https:\/\/portansereserve.com\/catering\/"},"modified":"2022-05-04T15:58:19","modified_gmt":"2022-05-04T15:58:19","slug":"catering","status":"publish","type":"page","link":"https:\/\/portansereserve.com\/en\/catering\/","title":{"rendered":"Catering"},"content":{"rendered":"\t\t<div data-elementor-type=\"wp-page\" data-elementor-id=\"19600\" class=\"elementor elementor-19600\" data-elementor-post-type=\"page\">\n\t\t\t\t\t\t<section class=\"elementor-section elementor-top-section elementor-element elementor-element-b0abe2d elementor-section-boxed elementor-section-height-default elementor-section-height-default sc_fly_static\" data-id=\"b0abe2d\" data-element_type=\"section\" data-e-type=\"section\">\n\t\t\t\t\t\t<div class=\"elementor-container elementor-column-gap-extended\">\n\t\t\t\t\t<div class=\"elementor-column elementor-col-100 elementor-top-column elementor-element elementor-element-c24ebb1 sc_inner_width_none sc_content_align_inherit sc_layouts_column_icons_position_left sc_fly_static\" data-id=\"c24ebb1\" data-element_type=\"column\" data-e-type=\"column\">\n\t\t\t<div class=\"elementor-widget-wrap elementor-element-populated\">\n\t\t\t\t\t\t<div class=\"elementor-element elementor-element-9d4c3ff sc_fly_static elementor-widget elementor-widget-image\" data-id=\"9d4c3ff\" data-element_type=\"widget\" data-e-type=\"widget\" data-widget_type=\"image.default\">\n\t\t\t\t<div class=\"elementor-widget-container\">\n\t\t\t\t\t\t\t\t\t\t\t\t\t\t\t<img fetchpriority=\"high\" decoding=\"async\" width=\"1200\" height=\"768\" src=\"https:\/\/portansereserve.com\/wp-content\/uploads\/2022\/03\/logo-UNM-MRS1882.png\" class=\"attachment-full size-full wp-image-18822\" alt=\"\" srcset=\"https:\/\/portansereserve.com\/wp-content\/uploads\/2022\/03\/logo-UNM-MRS1882.png 1200w, https:\/\/portansereserve.com\/wp-content\/uploads\/2022\/03\/logo-UNM-MRS1882-300x192.png 300w, https:\/\/portansereserve.com\/wp-content\/uploads\/2022\/03\/logo-UNM-MRS1882-1024x655.png 1024w, https:\/\/portansereserve.com\/wp-content\/uploads\/2022\/03\/logo-UNM-MRS1882-768x492.png 768w, https:\/\/portansereserve.com\/wp-content\/uploads\/2022\/03\/logo-UNM-MRS1882-370x237.png 370w, https:\/\/portansereserve.com\/wp-content\/uploads\/2022\/03\/logo-UNM-MRS1882-840x538.png 840w, https:\/\/portansereserve.com\/wp-content\/uploads\/2022\/03\/logo-UNM-MRS1882-410x262.png 410w\" sizes=\"(max-width: 1200px) 100vw, 1200px\" \/>\t\t\t\t\t\t\t\t\t\t\t\t\t\t\t<\/div>\n\t\t\t\t<\/div>\n\t\t\t\t<div class=\"elementor-element elementor-element-72eab0e elementor--h-position-center elementor--v-position-middle elementor-arrows-position-inside elementor-pagination-position-inside sc_fly_static elementor-widget elementor-widget-slides\" data-id=\"72eab0e\" data-element_type=\"widget\" data-e-type=\"widget\" data-settings=\"{&quot;navigation&quot;:&quot;both&quot;,&quot;autoplay&quot;:&quot;yes&quot;,&quot;pause_on_hover&quot;:&quot;yes&quot;,&quot;pause_on_interaction&quot;:&quot;yes&quot;,&quot;autoplay_speed&quot;:5000,&quot;infinite&quot;:&quot;yes&quot;,&quot;transition&quot;:&quot;slide&quot;,&quot;transition_speed&quot;:500}\" data-widget_type=\"slides.default\">\n\t\t\t\t<div class=\"elementor-widget-container\">\n\t\t\t\t\t\t\t\t\t<div class=\"elementor-swiper\">\n\t\t\t\t\t<div class=\"elementor-slides-wrapper elementor-main-swiper swiper\" role=\"region\" aria-roledescription=\"carousel\" aria-label=\"Slides\" dir=\"ltr\" data-animation=\"fadeInUp\">\n\t\t\t\t<div class=\"swiper-wrapper elementor-slides\">\n\t\t\t\t\t\t\t\t\t\t<div class=\"elementor-repeater-item-c8577fb swiper-slide\" role=\"group\" aria-roledescription=\"slide\"><div class=\"swiper-slide-bg\" role=\"img\" aria-label=\"UNM-826\"><\/div><div class=\"swiper-slide-inner\" ><div class=\"swiper-slide-contents\"><\/div><\/div><\/div><div class=\"elementor-repeater-item-865db68 swiper-slide\" role=\"group\" aria-roledescription=\"slide\"><div class=\"swiper-slide-bg\" role=\"img\" aria-label=\"UNM-821\"><\/div><div class=\"swiper-slide-inner\" ><div class=\"swiper-slide-contents\"><\/div><\/div><\/div><div class=\"elementor-repeater-item-d617db7 swiper-slide\" role=\"group\" aria-roledescription=\"slide\"><div class=\"swiper-slide-bg\" role=\"img\" aria-label=\"UNM-843-Modifier\"><\/div><div class=\"swiper-slide-inner\" ><div class=\"swiper-slide-contents\"><\/div><\/div><\/div><div class=\"elementor-repeater-item-82ff489 swiper-slide\" role=\"group\" aria-roledescription=\"slide\"><div class=\"swiper-slide-bg\" role=\"img\" aria-label=\"UNM-857\"><\/div><div class=\"swiper-slide-inner\" ><div class=\"swiper-slide-contents\"><\/div><\/div><\/div><div class=\"elementor-repeater-item-d68257f swiper-slide\" role=\"group\" aria-roledescription=\"slide\"><div class=\"swiper-slide-bg\" role=\"img\" aria-label=\"UNM-873\"><\/div><div class=\"swiper-slide-inner\" ><div class=\"swiper-slide-contents\"><\/div><\/div><\/div><div class=\"elementor-repeater-item-37c69f4 swiper-slide\" role=\"group\" aria-roledescription=\"slide\"><div class=\"swiper-slide-bg\" role=\"img\" aria-label=\"UNM-933\"><\/div><div class=\"swiper-slide-inner\" ><div class=\"swiper-slide-contents\"><\/div><\/div><\/div><div class=\"elementor-repeater-item-e1ae6e1 swiper-slide\" role=\"group\" aria-roledescription=\"slide\"><div class=\"swiper-slide-bg\" role=\"img\" aria-label=\"UNM-920-Modifier\"><\/div><div class=\"swiper-slide-inner\" ><div class=\"swiper-slide-contents\"><\/div><\/div><\/div><div class=\"elementor-repeater-item-37b13d9 swiper-slide\" role=\"group\" aria-roledescription=\"slide\"><div class=\"swiper-slide-bg\" role=\"img\" aria-label=\"UNM-898\"><\/div><div class=\"swiper-slide-inner\" ><div class=\"swiper-slide-contents\"><\/div><\/div><\/div>\t\t\t\t<\/div>\n\t\t\t\t\t\t\t\t\t\t\t\t\t\t\t<div class=\"elementor-swiper-button elementor-swiper-button-prev\" role=\"button\" tabindex=\"0\" aria-label=\"Previous slide\">\n\t\t\t\t\t\t\t<i aria-hidden=\"true\" class=\"eicon-chevron-left\"><\/i>\t\t\t\t\t\t<\/div>\n\t\t\t\t\t\t<div class=\"elementor-swiper-button elementor-swiper-button-next\" role=\"button\" tabindex=\"0\" aria-label=\"Next slide\">\n\t\t\t\t\t\t\t<i aria-hidden=\"true\" class=\"eicon-chevron-right\"><\/i>\t\t\t\t\t\t<\/div>\n\t\t\t\t\t\t\t\t\t\t\t\t\t\t\t\t<div class=\"swiper-pagination\"><\/div>\n\t\t\t\t\t\t\t\t\t\t\t\t<\/div>\n\t\t\t\t<\/div>\n\t\t\t\t\t\t\t\t<\/div>\n\t\t\t\t<\/div>\n\t\t\t\t<section class=\"elementor-section elementor-inner-section elementor-element elementor-element-16b7b16 elementor-section-boxed elementor-section-height-default elementor-section-height-default sc_fly_static\" data-id=\"16b7b16\" data-element_type=\"section\" data-e-type=\"section\">\n\t\t\t\t\t\t<div class=\"elementor-container elementor-column-gap-extended\">\n\t\t\t\t\t<div class=\"elementor-column elementor-col-100 elementor-inner-column elementor-element elementor-element-de6be6c sc_inner_width_none sc_content_align_inherit sc_layouts_column_icons_position_left sc_fly_static\" data-id=\"de6be6c\" data-element_type=\"column\" data-e-type=\"column\">\n\t\t\t<div class=\"elementor-widget-wrap elementor-element-populated\">\n\t\t\t\t\t\t<div class=\"elementor-element elementor-element-c1e2937 sc_fly_static elementor-widget elementor-widget-text-editor\" data-id=\"c1e2937\" data-element_type=\"widget\" data-e-type=\"widget\" data-widget_type=\"text-editor.default\">\n\t\t\t\t<div class=\"elementor-widget-container\">\n\t\t\t\t\t\t\t\t\t<p><strong>Book online via The Fork :<br><\/strong><\/p>\t\t\t\t\t\t\t\t<\/div>\n\t\t\t\t<\/div>\n\t\t\t\t\t<\/div>\n\t\t<\/div>\n\t\t\t\t\t<\/div>\n\t\t<\/section>\n\t\t\t\t<div class=\"elementor-element elementor-element-568fc13 sc_fly_static elementor-widget elementor-widget-text-editor\" data-id=\"568fc13\" data-element_type=\"widget\" data-e-type=\"widget\" data-widget_type=\"text-editor.default\">\n\t\t\t\t<div class=\"elementor-widget-container\">\n\t\t\t\t\t\t\t\t\t<iframe style=\"width: 100%; min-height: 500px; border: none; overflow: scroll;\" src=\"https:\/\/module.lafourchette.com\/en_GB\/module\/25356-55acc\"><\/iframe>\t\t\t\t\t\t\t\t<\/div>\n\t\t\t\t<\/div>\n\t\t\t\t\t<\/div>\n\t\t<\/div>\n\t\t\t\t\t<\/div>\n\t\t<\/section>\n\t\t\t\t<section class=\"elementor-section elementor-top-section elementor-element elementor-element-5eefcfa elementor-section-boxed elementor-section-height-default elementor-section-height-default sc_fly_static\" data-id=\"5eefcfa\" data-element_type=\"section\" data-e-type=\"section\">\n\t\t\t\t\t\t<div class=\"elementor-container elementor-column-gap-extended\">\n\t\t\t\t\t<div class=\"elementor-column elementor-col-100 elementor-top-column elementor-element elementor-element-1b25f69 sc_inner_width_none sc_content_align_inherit sc_layouts_column_icons_position_left sc_fly_static\" data-id=\"1b25f69\" data-element_type=\"column\" data-e-type=\"column\">\n\t\t\t<div class=\"elementor-widget-wrap elementor-element-populated\">\n\t\t\t\t\t\t<div class=\"elementor-element elementor-element-a6c9c58 elementor-widget-divider--view-line sc_fly_static elementor-widget elementor-widget-divider\" data-id=\"a6c9c58\" data-element_type=\"widget\" data-e-type=\"widget\" data-widget_type=\"divider.default\">\n\t\t\t\t<div class=\"elementor-widget-container\">\n\t\t\t\t\t\t\t<div class=\"elementor-divider\">\n\t\t\t<span class=\"elementor-divider-separator\">\n\t\t\t\t\t\t<\/span>\n\t\t<\/div>\n\t\t\t\t\t\t<\/div>\n\t\t\t\t<\/div>\n\t\t\t\t<div class=\"elementor-element elementor-element-38b3531 sc_fly_static elementor-widget elementor-widget-image\" data-id=\"38b3531\" data-element_type=\"widget\" data-e-type=\"widget\" data-widget_type=\"image.default\">\n\t\t\t\t<div class=\"elementor-widget-container\">\n\t\t\t\t\t\t\t\t\t\t\t\t\t\t\t<img decoding=\"async\" width=\"240\" height=\"240\" src=\"https:\/\/portansereserve.com\/wp-content\/uploads\/2022\/03\/RW-logo.png\" class=\"attachment-full size-full wp-image-18684\" alt=\"\" srcset=\"https:\/\/portansereserve.com\/wp-content\/uploads\/2022\/03\/RW-logo.png 240w, https:\/\/portansereserve.com\/wp-content\/uploads\/2022\/03\/RW-logo-150x150.png 150w, https:\/\/portansereserve.com\/wp-content\/uploads\/2022\/03\/RW-logo-120x120.png 120w\" sizes=\"(max-width: 240px) 100vw, 240px\" \/>\t\t\t\t\t\t\t\t\t\t\t\t\t\t\t<\/div>\n\t\t\t\t<\/div>\n\t\t\t\t<div class=\"elementor-element elementor-element-73f14e3 elementor--h-position-center elementor--v-position-middle elementor-arrows-position-inside elementor-pagination-position-inside sc_fly_static elementor-widget elementor-widget-slides\" data-id=\"73f14e3\" data-element_type=\"widget\" data-e-type=\"widget\" data-settings=\"{&quot;navigation&quot;:&quot;both&quot;,&quot;autoplay&quot;:&quot;yes&quot;,&quot;pause_on_hover&quot;:&quot;yes&quot;,&quot;pause_on_interaction&quot;:&quot;yes&quot;,&quot;autoplay_speed&quot;:5000,&quot;infinite&quot;:&quot;yes&quot;,&quot;transition&quot;:&quot;slide&quot;,&quot;transition_speed&quot;:500}\" data-widget_type=\"slides.default\">\n\t\t\t\t<div class=\"elementor-widget-container\">\n\t\t\t\t\t\t\t\t\t<div class=\"elementor-swiper\">\n\t\t\t\t\t<div class=\"elementor-slides-wrapper elementor-main-swiper swiper\" role=\"region\" aria-roledescription=\"carousel\" aria-label=\"Slides\" dir=\"ltr\" data-animation=\"fadeInUp\">\n\t\t\t\t<div class=\"swiper-wrapper elementor-slides\">\n\t\t\t\t\t\t\t\t\t\t<div class=\"elementor-repeater-item-7232a7e swiper-slide\" role=\"group\" aria-roledescription=\"slide\"><div class=\"swiper-slide-bg\" role=\"img\" aria-label=\"rowing club restaurant\"><\/div><div class=\"swiper-slide-inner\" ><div class=\"swiper-slide-contents\"><\/div><\/div><\/div><div class=\"elementor-repeater-item-a04e4a8 swiper-slide\" role=\"group\" aria-roledescription=\"slide\"><div class=\"swiper-slide-bg\" role=\"img\" aria-label=\"d3bdc389-5675-4720-8b5a-65b0f90fac3f\"><\/div><div class=\"swiper-slide-inner\" ><div class=\"swiper-slide-contents\"><\/div><\/div><\/div><div class=\"elementor-repeater-item-397b0f6 swiper-slide\" role=\"group\" aria-roledescription=\"slide\"><div class=\"swiper-slide-bg\" role=\"img\" aria-label=\"4a4b5e24-f7d4-425a-ac17-bcbdc837b2dc\"><\/div><div class=\"swiper-slide-inner\" ><div class=\"swiper-slide-contents\"><\/div><\/div><\/div><div class=\"elementor-repeater-item-c2a12be swiper-slide\" role=\"group\" aria-roledescription=\"slide\"><div class=\"swiper-slide-bg\" role=\"img\" aria-label=\"cc22b44a-210f-41a4-8750-886c46f0c96b\"><\/div><div class=\"swiper-slide-inner\" ><div class=\"swiper-slide-contents\"><\/div><\/div><\/div>\t\t\t\t<\/div>\n\t\t\t\t\t\t\t\t\t\t\t\t\t\t\t<div class=\"elementor-swiper-button elementor-swiper-button-prev\" role=\"button\" tabindex=\"0\" aria-label=\"Previous slide\">\n\t\t\t\t\t\t\t<i aria-hidden=\"true\" class=\"eicon-chevron-left\"><\/i>\t\t\t\t\t\t<\/div>\n\t\t\t\t\t\t<div class=\"elementor-swiper-button elementor-swiper-button-next\" role=\"button\" tabindex=\"0\" aria-label=\"Next slide\">\n\t\t\t\t\t\t\t<i aria-hidden=\"true\" class=\"eicon-chevron-right\"><\/i>\t\t\t\t\t\t<\/div>\n\t\t\t\t\t\t\t\t\t\t\t\t\t\t\t\t<div class=\"swiper-pagination\"><\/div>\n\t\t\t\t\t\t\t\t\t\t\t\t<\/div>\n\t\t\t\t<\/div>\n\t\t\t\t\t\t\t\t<\/div>\n\t\t\t\t<\/div>\n\t\t\t\t<div class=\"elementor-element elementor-element-2dfd1f4 sc_fly_static elementor-widget elementor-widget-text-editor\" data-id=\"2dfd1f4\" data-element_type=\"widget\" data-e-type=\"widget\" data-widget_type=\"text-editor.default\">\n\t\t\t\t<div class=\"elementor-widget-container\">\n\t\t\t\t\t\t\t\t\t<p><strong>Book online via The Fork :<br><\/strong><\/p>\t\t\t\t\t\t\t\t<\/div>\n\t\t\t\t<\/div>\n\t\t\t\t<div class=\"elementor-element elementor-element-06d01ce sc_fly_static elementor-widget elementor-widget-text-editor\" data-id=\"06d01ce\" data-element_type=\"widget\" data-e-type=\"widget\" data-widget_type=\"text-editor.default\">\n\t\t\t\t<div class=\"elementor-widget-container\">\n\t\t\t\t\t\t\t\t\t<iframe style=\"width: 100%; min-height: 500px; border: none; overflow: scroll;\" src=\"https:\/\/module.lafourchette.com\/en_GB\/module\/630105-daa01\"><\/iframe>\t\t\t\t\t\t\t\t<\/div>\n\t\t\t\t<\/div>\n\t\t\t\t\t<\/div>\n\t\t<\/div>\n\t\t\t\t\t<\/div>\n\t\t<\/section>\n\t\t\t\t<\/div>\n\t\t","protected":false},"excerpt":{"rendered":"<p>Pr\u00e9c\u00e9dent Suivant Book online via The Fork : Pr\u00e9c\u00e9dent Suivant Book online via The Fork :<\/p>\n","protected":false},"author":1,"featured_media":0,"parent":0,"menu_order":0,"comment_status":"closed","ping_status":"closed","template":"","meta":{"inline_featured_image":false,"footnotes":""},"class_list":["post-19600","page","type-page","status-publish","hentry"],"yoast_head":"<!-- This site is optimized with the Yoast SEO plugin v27.3 - https:\/\/yoast.com\/product\/yoast-seo-wordpress\/ -->\n<title>Catering - Port Anse de la R\u00e9serve<\/title>\n<meta name=\"robots\" content=\"index, follow, max-snippet:-1, max-image-preview:large, max-video-preview:-1\" \/>\n<link rel=\"canonical\" href=\"https:\/\/portansereserve.com\/en\/catering\/\" \/>\n<meta property=\"og:locale\" content=\"en_US\" \/>\n<meta property=\"og:type\" content=\"article\" \/>\n<meta property=\"og:title\" content=\"Catering - Port Anse de la R\u00e9serve\" \/>\n<meta property=\"og:description\" content=\"Pr\u00e9c\u00e9dent Suivant Book online via The Fork : Pr\u00e9c\u00e9dent Suivant Book online via The Fork :\" \/>\n<meta property=\"og:url\" content=\"https:\/\/portansereserve.com\/en\/catering\/\" \/>\n<meta property=\"og:site_name\" content=\"Port Anse de la R\u00e9serve\" \/>\n<meta property=\"article:modified_time\" content=\"2022-05-04T15:58:19+00:00\" \/>\n<meta property=\"og:image\" content=\"https:\/\/portansereserve.com\/wp-content\/uploads\/2022\/03\/logo-UNM-MRS1882.png\" \/>\n<meta name=\"twitter:card\" content=\"summary_large_image\" \/>\n<meta name=\"twitter:label1\" content=\"Est. reading time\" \/>\n\t<meta name=\"twitter:data1\" content=\"1 minute\" \/>\n<script type=\"application\/ld+json\" class=\"yoast-schema-graph\">{\"@context\":\"https:\\\/\\\/schema.org\",\"@graph\":[{\"@type\":\"WebPage\",\"@id\":\"https:\\\/\\\/portansereserve.com\\\/en\\\/catering\\\/\",\"url\":\"https:\\\/\\\/portansereserve.com\\\/en\\\/catering\\\/\",\"name\":\"Catering - Port Anse de la R\u00e9serve\",\"isPartOf\":{\"@id\":\"https:\\\/\\\/portansereserve.com\\\/en\\\/#website\"},\"primaryImageOfPage\":{\"@id\":\"https:\\\/\\\/portansereserve.com\\\/en\\\/catering\\\/#primaryimage\"},\"image\":{\"@id\":\"https:\\\/\\\/portansereserve.com\\\/en\\\/catering\\\/#primaryimage\"},\"thumbnailUrl\":\"https:\\\/\\\/portansereserve.com\\\/wp-content\\\/uploads\\\/2022\\\/03\\\/logo-UNM-MRS1882.png\",\"datePublished\":\"2022-02-15T10:31:58+00:00\",\"dateModified\":\"2022-05-04T15:58:19+00:00\",\"breadcrumb\":{\"@id\":\"https:\\\/\\\/portansereserve.com\\\/en\\\/catering\\\/#breadcrumb\"},\"inLanguage\":\"en-US\",\"potentialAction\":[{\"@type\":\"ReadAction\",\"target\":[\"https:\\\/\\\/portansereserve.com\\\/en\\\/catering\\\/\"]}]},{\"@type\":\"ImageObject\",\"inLanguage\":\"en-US\",\"@id\":\"https:\\\/\\\/portansereserve.com\\\/en\\\/catering\\\/#primaryimage\",\"url\":\"https:\\\/\\\/portansereserve.com\\\/wp-content\\\/uploads\\\/2022\\\/03\\\/logo-UNM-MRS1882.png\",\"contentUrl\":\"https:\\\/\\\/portansereserve.com\\\/wp-content\\\/uploads\\\/2022\\\/03\\\/logo-UNM-MRS1882.png\"},{\"@type\":\"BreadcrumbList\",\"@id\":\"https:\\\/\\\/portansereserve.com\\\/en\\\/catering\\\/#breadcrumb\",\"itemListElement\":[{\"@type\":\"ListItem\",\"position\":1,\"name\":\"Accueil\",\"item\":\"https:\\\/\\\/portansereserve.com\\\/en\\\/home\\\/\"},{\"@type\":\"ListItem\",\"position\":2,\"name\":\"Catering\"}]},{\"@type\":\"WebSite\",\"@id\":\"https:\\\/\\\/portansereserve.com\\\/en\\\/#website\",\"url\":\"https:\\\/\\\/portansereserve.com\\\/en\\\/\",\"name\":\"Port Anse de la R\u00e9serve\",\"description\":\"Un port qui a une histoire !\",\"publisher\":{\"@id\":\"https:\\\/\\\/portansereserve.com\\\/en\\\/#organization\"},\"potentialAction\":[{\"@type\":\"SearchAction\",\"target\":{\"@type\":\"EntryPoint\",\"urlTemplate\":\"https:\\\/\\\/portansereserve.com\\\/en\\\/?s={search_term_string}\"},\"query-input\":{\"@type\":\"PropertyValueSpecification\",\"valueRequired\":true,\"valueName\":\"search_term_string\"}}],\"inLanguage\":\"en-US\"},{\"@type\":\"Organization\",\"@id\":\"https:\\\/\\\/portansereserve.com\\\/en\\\/#organization\",\"name\":\"Port Anse de la R\u00e9serve\",\"url\":\"https:\\\/\\\/portansereserve.com\\\/en\\\/\",\"logo\":{\"@type\":\"ImageObject\",\"inLanguage\":\"en-US\",\"@id\":\"https:\\\/\\\/portansereserve.com\\\/en\\\/#\\\/schema\\\/logo\\\/image\\\/\",\"url\":\"https:\\\/\\\/portansereserve.com\\\/wp-content\\\/uploads\\\/2022\\\/01\\\/Logo-PortAnsedelaReserve2020.png\",\"contentUrl\":\"https:\\\/\\\/portansereserve.com\\\/wp-content\\\/uploads\\\/2022\\\/01\\\/Logo-PortAnsedelaReserve2020.png\",\"width\":658,\"height\":594,\"caption\":\"Port Anse de la R\u00e9serve\"},\"image\":{\"@id\":\"https:\\\/\\\/portansereserve.com\\\/en\\\/#\\\/schema\\\/logo\\\/image\\\/\"}}]}<\/script>\n<!-- \/ Yoast SEO plugin. -->","yoast_head_json":{"title":"Catering - Port Anse de la R\u00e9serve","robots":{"index":"index","follow":"follow","max-snippet":"max-snippet:-1","max-image-preview":"max-image-preview:large","max-video-preview":"max-video-preview:-1"},"canonical":"https:\/\/portansereserve.com\/en\/catering\/","og_locale":"en_US","og_type":"article","og_title":"Catering - Port Anse de la R\u00e9serve","og_description":"Pr\u00e9c\u00e9dent Suivant Book online via The Fork : Pr\u00e9c\u00e9dent Suivant Book online via The Fork :","og_url":"https:\/\/portansereserve.com\/en\/catering\/","og_site_name":"Port Anse de la R\u00e9serve","article_modified_time":"2022-05-04T15:58:19+00:00","og_image":[{"url":"https:\/\/portansereserve.com\/wp-content\/uploads\/2022\/03\/logo-UNM-MRS1882.png","type":"","width":"","height":""}],"twitter_card":"summary_large_image","twitter_misc":{"Est. reading time":"1 minute"},"schema":{"@context":"https:\/\/schema.org","@graph":[{"@type":"WebPage","@id":"https:\/\/portansereserve.com\/en\/catering\/","url":"https:\/\/portansereserve.com\/en\/catering\/","name":"Catering - Port Anse de la R\u00e9serve","isPartOf":{"@id":"https:\/\/portansereserve.com\/en\/#website"},"primaryImageOfPage":{"@id":"https:\/\/portansereserve.com\/en\/catering\/#primaryimage"},"image":{"@id":"https:\/\/portansereserve.com\/en\/catering\/#primaryimage"},"thumbnailUrl":"https:\/\/portansereserve.com\/wp-content\/uploads\/2022\/03\/logo-UNM-MRS1882.png","datePublished":"2022-02-15T10:31:58+00:00","dateModified":"2022-05-04T15:58:19+00:00","breadcrumb":{"@id":"https:\/\/portansereserve.com\/en\/catering\/#breadcrumb"},"inLanguage":"en-US","potentialAction":[{"@type":"ReadAction","target":["https:\/\/portansereserve.com\/en\/catering\/"]}]},{"@type":"ImageObject","inLanguage":"en-US","@id":"https:\/\/portansereserve.com\/en\/catering\/#primaryimage","url":"https:\/\/portansereserve.com\/wp-content\/uploads\/2022\/03\/logo-UNM-MRS1882.png","contentUrl":"https:\/\/portansereserve.com\/wp-content\/uploads\/2022\/03\/logo-UNM-MRS1882.png"},{"@type":"BreadcrumbList","@id":"https:\/\/portansereserve.com\/en\/catering\/#breadcrumb","itemListElement":[{"@type":"ListItem","position":1,"name":"Accueil","item":"https:\/\/portansereserve.com\/en\/home\/"},{"@type":"ListItem","position":2,"name":"Catering"}]},{"@type":"WebSite","@id":"https:\/\/portansereserve.com\/en\/#website","url":"https:\/\/portansereserve.com\/en\/","name":"Port Anse de la R\u00e9serve","description":"Un port qui a une histoire !","publisher":{"@id":"https:\/\/portansereserve.com\/en\/#organization"},"potentialAction":[{"@type":"SearchAction","target":{"@type":"EntryPoint","urlTemplate":"https:\/\/portansereserve.com\/en\/?s={search_term_string}"},"query-input":{"@type":"PropertyValueSpecification","valueRequired":true,"valueName":"search_term_string"}}],"inLanguage":"en-US"},{"@type":"Organization","@id":"https:\/\/portansereserve.com\/en\/#organization","name":"Port Anse de la R\u00e9serve","url":"https:\/\/portansereserve.com\/en\/","logo":{"@type":"ImageObject","inLanguage":"en-US","@id":"https:\/\/portansereserve.com\/en\/#\/schema\/logo\/image\/","url":"https:\/\/portansereserve.com\/wp-content\/uploads\/2022\/01\/Logo-PortAnsedelaReserve2020.png","contentUrl":"https:\/\/portansereserve.com\/wp-content\/uploads\/2022\/01\/Logo-PortAnsedelaReserve2020.png","width":658,"height":594,"caption":"Port Anse de la R\u00e9serve"},"image":{"@id":"https:\/\/portansereserve.com\/en\/#\/schema\/logo\/image\/"}}]}},"_links":{"self":[{"href":"https:\/\/portansereserve.com\/en\/wp-json\/wp\/v2\/pages\/19600","targetHints":{"allow":["GET"]}}],"collection":[{"href":"https:\/\/portansereserve.com\/en\/wp-json\/wp\/v2\/pages"}],"about":[{"href":"https:\/\/portansereserve.com\/en\/wp-json\/wp\/v2\/types\/page"}],"author":[{"embeddable":true,"href":"https:\/\/portansereserve.com\/en\/wp-json\/wp\/v2\/users\/1"}],"replies":[{"embeddable":true,"href":"https:\/\/portansereserve.com\/en\/wp-json\/wp\/v2\/comments?post=19600"}],"version-history":[{"count":0,"href":"https:\/\/portansereserve.com\/en\/wp-json\/wp\/v2\/pages\/19600\/revisions"}],"wp:attachment":[{"href":"https:\/\/portansereserve.com\/en\/wp-json\/wp\/v2\/media?parent=19600"}],"curies":[{"name":"wp","href":"https:\/\/api.w.org\/{rel}","templated":true}]}}